{"id":2092,"date":"2021-03-21T15:17:21","date_gmt":"2021-03-21T14:17:21","guid":{"rendered":"https:\/\/emsgruppe.hr\/datenschutzerklaerung\/"},"modified":"2021-05-25T17:31:47","modified_gmt":"2021-05-25T15:31:47","slug":"datenschutzerklaerung","status":"publish","type":"page","link":"https:\/\/emsgruppe.hr\/de\/datenschutzerklaerung\/","title":{"rendered":"Datenschutzerkl\u00e4rung"},"content":{"rendered":"<p>[et_pb_section fb_built=&#8220;1&#8243; custom_padding_last_edited=&#8220;on|tablet&#8220; _builder_version=&#8220;4.7.0&#8243; _module_preset=&#8220;default&#8220; custom_padding=&#8220;65px||55px|||&#8220; custom_padding_tablet=&#8220;65px||0px||false|false&#8220; custom_padding_phone=&#8220;&#8220;][et_pb_row _builder_version=&#8220;4.6.6&#8243; _module_preset=&#8220;default&#8220; custom_padding=&#8220;0px||19px|||&#8220;][et_pb_column type=&#8220;4_4&#8243; _builder_version=&#8220;4.6.6&#8243; _module_preset=&#8220;default&#8220;][et_pb_text _builder_version=&#8220;4.8.1&#8243; _module_preset=&#8220;default&#8220; header_3_font_size=&#8220;24px&#8220; header_3_line_height=&#8220;1.6em&#8220;]<\/p>\n<p>Elektromehanik Systeme doo (im Folgenden: EMS) respektiert Ihre Privatsph\u00e4re und st\u00fctzt seine Website auf Technologien, die ein besseres und sichereres Netzwerkerlebnis bieten. Diese Datenschutzerkl\u00e4rung gilt f\u00fcr die Erhebung und Verarbeitung Ihrer personenbezogenen Daten sowie die Verwendung von Cookies auf der Website emsgruppe.hr (im Folgenden: Website).<\/p>\n<p>Durch die Nutzung dieser Website stimmen Sie den in dieser Erkl\u00e4rung beschriebenen Methoden zur Datenerfassung und -verarbeitung sowie der Speicherung und dem Zugriff auf Cookies auf Ihrem Ger\u00e4t zu.<\/p>\n<h3>Erhebung und Verarbeitung personenbezogener Daten<\/h3>\n<p>Um die Funktionalit\u00e4t der Website aufrechtzuerhalten und die von den Benutzern angeforderten Dienste bereitzustellen, kann EMS die pers\u00f6nlichen Informationen der Benutzer auf dieser Website sammeln und verwenden. Je nach Verwendungszweck der Website emsgruppe.hr k\u00f6nnen Sie Ihre pers\u00f6nlichen Daten wie Vor- und Nachname, E-Mail-Adresse, Telefonnummer\u2026 erfassen.<\/p>\n<p>Durch die Eingabe personenbezogener Daten in die daf\u00fcr vorgesehenen Felder erkl\u00e4ren Sie sich damit einverstanden, dass die angegebenen Daten f\u00fcr den Zweck verwendet werden, f\u00fcr den sie angegeben wurden.<\/p>\n<p>EMS sammelt Informationen \u00fcber Ihren Computer. Diese Informationen k\u00f6nnen Browsertyp, Zugriffszeit und Website-Adressen umfassen.<\/p>\n<p>Die gesammelten Daten sowie die Daten, die sie auf der Grundlage der Erbringung von Dienstleistungen f\u00fcr Kunden und der Durchf\u00fchrung von Gesch\u00e4ften mit einem einzelnen Kunden erhalten haben, werden von EMS zum Zweck derselben Tage verarbeitet, dh zur Nutzung von Websites und zur Erbringung gew\u00fcnschter Dienstleistungen dass Sie verwenden k\u00f6nnen. EMS kann diese Informationen verwenden, um Ihnen einen effizienteren Kundenservice zu bieten, die Nutzung der Website zu erleichtern, indem Sie nicht mehr dieselben Informationen h\u00e4ufig eingeben oder die Website an Ihre pers\u00f6nlichen Vorlieben und Interessen anpassen m\u00fcssen.<\/p>\n<p>EMS wird die Liste der Benutzer seiner Seiten nicht an Dritte verkaufen, vermieten oder verleasen. Zus\u00e4tzlich zur Verpflichtung zur Wahrung der Vertraulichkeit kann EMS Daten f\u00fcr bestimmte Zwecke an vertrauensw\u00fcrdige Partner weitergeben: zur Durchf\u00fchrung statistischer Analysen, zur Bereitstellung von Kundensupport oder \u00e4hnlichen Anforderungen. Einem Dritten ist es untersagt, Ihre personenbezogenen Daten weiterzuverarbeiten.<\/p>\n<p>EMS informiert Sie auch dar\u00fcber, dass Sie das Recht haben, auf alle personenbezogenen Daten zuzugreifen sowie diese zu korrigieren, das Recht, die zuvor erteilte Einwilligung teilweise oder vollst\u00e4ndig zu widerrufen, und das Recht, der Verarbeitung personenbezogener Daten zu diesem Zweck zu widersprechen Informationen \u00fcber Produkte oder Dienstleistungen bereitzustellen.<\/p>\n<h3>Sicherheit Ihrer pers\u00f6nlichen Daten<\/h3>\n<p>Die Website emsgruppe.hr sch\u00fctzt Ihre pers\u00f6nlichen Daten vor unbefugtem Zugriff, Verwendung oder Weitergabe. Daten auf Computerservern werden in einer kontrollierten, sicheren Umgebung gespeichert, die vor unbefugtem Zugriff, Verwendung oder Offenlegung gesch\u00fctzt ist.<\/p>\n<p>Anwendung von Cookies<br \/> Auf der Website emsgruppe.hr wird die sogenannte Cookies &#8211; Textdateien, die vom vom Benutzer verwendeten Internet-Server auf dem Computer des Benutzers abgelegt werden.<\/p>\n<p>Dateien werden erstellt, wenn der Browser das besuchte Netzwerkziel auf das Ger\u00e4t des Benutzers l\u00e4dt, das dann die Daten an den Browser sendet und eine Textdatei (Cookie) erstellt. Der Browser ruft die Datei ab und sendet sie an den Netzwerkzielserver (Ort, Seite), wenn der Benutzer dorthin zur\u00fcckkehrt.<\/p>\n<p>Cookies werden f\u00fcr das Funktionieren aller Funktionen der Website und eine bessere Benutzererfahrung verwendet und k\u00f6nnen vor\u00fcbergehend (nur w\u00e4hrend des Besuchs der Website gespeichert) oder dauerhaft (sie bleiben nach dem Besuch auf dem Computer des Benutzers gespeichert) sein.<\/p>\n<p>Cookies von Drittanbietern emsgruppe.hr wird verwendet, um Statistiken \u00fcber den Verkehr und die Nutzung unserer Website zu erhalten. Die gesammelten Daten umfassen Browser-, Sprach-, Betriebssystem- und andere Standarddaten, die ausschlie\u00dflich in anonymer und Massenform gesammelt und analysiert werden.<\/p>\n<p>Auf der Seite emsgruppe.hr werden Google Analytics-Statistiken verwendet. Die Regeln f\u00fcr Cookies von Drittanbietern finden Sie in Google Analytics. Von Zeit zu Zeit k\u00f6nnen wir mithilfe anderer Tools, die Google Analytics \u00e4hneln, Informationen dar\u00fcber sammeln, wie Nutzer unsere Website nutzen.<\/p>\n<h3>Cookie-Pr\u00e4vention<\/h3>\n<p>Wenn Sie ihrer Verwendung nicht zustimmen, k\u00f6nnen Sie Cookies auf Ihrem Computer oder Mobilger\u00e4t mithilfe der Einstellungen des von Ihnen verwendeten Browsers einfach l\u00f6schen (oder verhindern).<\/p>\n<p>Weitere Informationen zum Verwalten von Cookies finden Sie auf den Seiten des von Ihnen verwendeten Browsers oder unter www.allaboutcookies.org.<\/p>\n<p>Da Cookies dazu dienen, die Nutzung unserer Websites und ihrer Prozesse zu verbessern und zu erm\u00f6glichen, beachten Sie bitte, dass Sie durch Verhindern oder L\u00f6schen von Cookies diese Funktionen deaktivieren oder dazu f\u00fchren k\u00f6nnen, dass sie in Ihrem Browser funktionieren und anders aussehen.<br \/> Website-Analyse<br \/> Auf unserer Website verwenden wir Google Analytics, einen Webanalysedienst von Google Inc., 1600 Amphitheatre Parkway, Mountain View, CA 94043, USA (\u201eGoogle\u201c).<\/p>\n<p>Google analysiert unsere Nutzung unserer Website in unserem Auftrag. Zu diesem Zweck verwenden wir Cookies, die in der obigen Tabelle ausf\u00fchrlicher beschrieben werden. Die Informationen, die Google \u00fcber Ihre Nutzung unserer Website sammelt (z. B. Homepage, unsere von Ihnen besuchten Seiten, den von Ihnen verwendeten Browser, Ihre Spracheinstellungen, Ihr Betriebssystem, die Aufl\u00f6sung Ihrer Anzeige), werden an einen Google-Server in den USA \u00fcbertragen, wo sie gespeichert werden gespeichert und analysiert werden. Das Ergebnis wird uns anonym zur Verf\u00fcgung gestellt. Ihre Nutzungsdaten sind nicht mit Ihrer vollst\u00e4ndigen IP-Adresse verkn\u00fcpft. Wir haben die von Google auf unserer Website angebotene IP-Anonymisierungsfunktion aktiviert, sodass die letzten 8 Ziffern (Typ Ipv4) oder die letzten 80 Ziffern (Typ Ipv6) Ihrer IP-Adresse gel\u00f6scht werden. Dar\u00fcber hinaus ist Google nach dem EU-US-Datenschutzschild zertifiziert, der sicherstellt, dass bei der Verarbeitung von Daten durch Google in den USA ein angemessenes Datenschutzniveau angewendet wird.<\/p>\n<p>Sie k\u00f6nnen Ihre Einwilligung f\u00fcr Webanalyse jederzeit widerrufen, indem Sie das verf\u00fcgbare Google Browser-Add-On herunterladen und installieren.<\/p>\n<p>Weitere Informationen zu Google Analytics finden Sie in den Nutzungsbedingungen von Google Analytics, in den Datenschutzrichtlinien von Google Analytics und in der Datenschutzerkl\u00e4rung von Google.<\/p>\n<h3>Datenspeicherungs- und Aufbewahrungszeitraum<\/h3>\n<p>Alle Daten werden in Totohost-Serverdatenbanken und -Repositorys in Berlin gespeichert. Wir werden die gespeicherten Daten nicht in L\u00e4nder au\u00dferhalb der Europ\u00e4ischen Union \u00fcbertragen oder speichern.<\/p>\n<p>Wir bewahren und sch\u00fctzen Ihre pers\u00f6nlichen Daten f\u00fcr die Dauer Ihrer Gesch\u00e4ftsbeziehung mit uns. Wir l\u00f6schen regelm\u00e4\u00dfig personenbezogene Daten, die Sie uns f\u00fcr Gesch\u00e4fts- oder Kontaktzwecke zur Verf\u00fcgung stellen, nach 12 Monaten ab dem Datum, an dem Sie uns diese Daten zur Verf\u00fcgung gestellt haben.<\/p>\n<p><strong>Ihre Zustimmung<\/strong><br \/> Durch die Nutzung dieser Website stimmen Sie dieser Datenschutzrichtlinie zu.<\/p>\n<p><strong>\u00c4nderungen unserer Datenschutzerkl\u00e4rung<\/strong><br \/> Im Falle einer \u00c4nderung unserer Datenschutzrichtlinie werden wir Sie auf dieser Seite benachrichtigen und das Datum der \u00c4nderung der Datenschutzrichtlinie wie folgt aktualisieren.<\/p>\n<p>Diese Datenschutzrichtlinie wurde zuletzt am 24.07.2019 ge\u00e4ndert. Jahre.<\/p>\n<p><strong>Kontakt Informationen<\/strong><br \/> EMS freut sich \u00fcber Ihre Kommentare und Vorschl\u00e4ge zu dieser Erkl\u00e4rung sowie \u00fcber weitere Kommentare. Sie k\u00f6nnen uns kontaktieren unter:<a href=\"mailto:info@emsgruppe.hr\"> info@emsgruppe.hr<\/a> .<\/p>\n<p>[\/et_pb_text][\/et_pb_column][\/et_pb_row][\/et_pb_section][et_pb_section fb_built=&#8220;1&#8243; _builder_version=&#8220;4.6.6&#8243; _module_preset=&#8220;default&#8220; custom_padding=&#8220;0px||0px|||&#8220; global_module=&#8220;2236&#8243;][et_pb_row column_structure=&#8220;1_2,1_2&#8243; use_custom_gutter=&#8220;on&#8220; gutter_width=&#8220;1&#8243; make_equal=&#8220;on&#8220; _builder_version=&#8220;4.7.0&#8243; _module_preset=&#8220;default&#8220; background_color=&#8220;rgba(0,0,0,0)&#8220; background_image=&#8220;https:\/\/emsgruppe.hr\/wp-content\/uploads\/2020\/11\/postani-dio-tima-bg.jpg&#8220; background_position=&#8220;top_center&#8220; width=&#8220;100%&#8220; max_width=&#8220;100%&#8220; custom_padding=&#8220;0px||0px|||&#8220; locked=&#8220;off&#8220;][et_pb_column type=&#8220;1_2&#8243; disabled_on=&#8220;on|on|off&#8220; _builder_version=&#8220;4.7.0&#8243; _module_preset=&#8220;default&#8220; background_color=&#8220;rgba(0,0,0,0)&#8220; background_enable_image=&#8220;off&#8220; background_position=&#8220;top_center&#8220; custom_padding=&#8220;||||true|false&#8220;][\/et_pb_column][et_pb_column type=&#8220;1_2&#8243; _builder_version=&#8220;4.7.0&#8243; _module_preset=&#8220;default&#8220; background_color=&#8220;#64696d&#8220; custom_padding=&#8220;55px|0px|70px|100px|false|false&#8220; custom_padding_tablet=&#8220;55px|40px|70px|40px|false|false&#8220; custom_padding_phone=&#8220;|20px||20px|false|false&#8220; custom_padding_last_edited=&#8220;on|tablet&#8220; animation_style=&#8220;fade&#8220;][et_pb_text _builder_version=&#8220;4.7.0&#8243; _module_preset=&#8220;default&#8220; text_text_color=&#8220;#ffffff&#8220; text_font_size=&#8220;20px&#8220; header_4_font=&#8220;|700|||||||&#8220; header_4_text_color=&#8220;#ffffff&#8220; header_4_font_size=&#8220;33px&#8220; max_width=&#8220;500px&#8220; custom_margin=&#8220;||8px||false|false&#8220; header_4_font_size_tablet=&#8220;&#8220; header_4_font_size_phone=&#8220;26px&#8220; header_4_font_size_last_edited=&#8220;on|phone&#8220;]<\/p>\n<h4>Werden Sie Teil unseres Teams<\/h4>\n<p>[\/et_pb_text][et_pb_text _builder_version=&#8220;4.7.0&#8243; _module_preset=&#8220;default&#8220; text_text_color=&#8220;#ffffff&#8220; text_font_size=&#8220;20px&#8220; text_line_height=&#8220;1.5em&#8220; max_width=&#8220;500px&#8220; text_font_size_tablet=&#8220;&#8220; text_font_size_phone=&#8220;16px&#8220; text_font_size_last_edited=&#8220;on|phone&#8220;]Wir wollen unser Team st\u00e4rken und einen sicheren Arbeitsplatz, ein gutes Einkommen und ein qualitativ hochwertiges Arbeitsumfeld bieten. Bewerben Sie sich und arbeiten Sie in einem Unternehmen, das Ihre F\u00e4higkeiten und Kenntnisse sch\u00e4tzt![\/et_pb_text][et_pb_button button_url=&#8220;@ET-DC@eyJkeW5hbWljIjp0cnVlLCJjb250ZW50IjoicG9zdF9saW5rX3VybF9wYWdlIiwic2V0dGluZ3MiOnsicG9zdF9pZCI6IjIxMjQifX0=@&#8220; button_text=&#8220;Einloggen&#8220; _builder_version=&#8220;4.9.4&#8243; _dynamic_attributes=&#8220;button_url&#8220; _module_preset=&#8220;default&#8220; custom_margin=&#8220;30px||||false|false&#8220;][\/et_pb_button][\/et_pb_column][\/et_pb_row][\/et_pb_section]<\/p>\n","protected":false},"excerpt":{"rendered":"<p>Elektromehanik Systeme doo (im Folgenden: EMS) respektiert Ihre Privatsph\u00e4re und st\u00fctzt seine Website auf Technologien, die ein besseres und sichereres Netzwerkerlebnis bieten. Diese Datenschutzerkl\u00e4rung gilt f\u00fcr die Erhebung und Verarbeitung Ihrer personenbezogenen Daten sowie die Verwendung von Cookies auf der Website emsgruppe.hr (im Folgenden: Website). Durch die Nutzung dieser Website stimmen Sie den in dieser [&hellip;]<\/p>\n","protected":false},"author":1,"featured_media":0,"parent":0,"menu_order":0,"comment_status":"closed","ping_status":"closed","template":"","meta":{"_et_pb_use_builder":"on","_et_pb_old_content":"","_et_gb_content_width":"","footnotes":""},"class_list":["post-2092","page","type-page","status-publish","hentry"],"_links":{"self":[{"href":"https:\/\/emsgruppe.hr\/de\/wp-json\/wp\/v2\/pages\/2092","targetHints":{"allow":["GET"]}}],"collection":[{"href":"https:\/\/emsgruppe.hr\/de\/wp-json\/wp\/v2\/pages"}],"about":[{"href":"https:\/\/emsgruppe.hr\/de\/wp-json\/wp\/v2\/types\/page"}],"author":[{"embeddable":true,"href":"https:\/\/emsgruppe.hr\/de\/wp-json\/wp\/v2\/users\/1"}],"replies":[{"embeddable":true,"href":"https:\/\/emsgruppe.hr\/de\/wp-json\/wp\/v2\/comments?post=2092"}],"version-history":[{"count":0,"href":"https:\/\/emsgruppe.hr\/de\/wp-json\/wp\/v2\/pages\/2092\/revisions"}],"wp:attachment":[{"href":"https:\/\/emsgruppe.hr\/de\/wp-json\/wp\/v2\/media?parent=2092"}],"curies":[{"name":"wp","href":"https:\/\/api.w.org\/{rel}","templated":true}]}}