{"id":2112,"date":"2021-03-21T16:02:08","date_gmt":"2021-03-21T15:02:08","guid":{"rendered":"https:\/\/emsgruppe.hr\/kontakt\/"},"modified":"2024-03-12T16:27:12","modified_gmt":"2024-03-12T15:27:12","slug":"kontakt","status":"publish","type":"page","link":"https:\/\/emsgruppe.hr\/de\/kontakt\/","title":{"rendered":"Kontakt"},"content":{"rendered":"<p>[et_pb_section fb_built=&#8220;1&#8243; _builder_version=&#8220;4.16&#8243; _module_preset=&#8220;default&#8220; custom_padding=&#8220;65px||47px|||&#8220; global_colors_info=&#8220;{}&#8220;][et_pb_row _builder_version=&#8220;4.16&#8243; _module_preset=&#8220;default&#8220; custom_padding=&#8220;0px||19px|||&#8220; global_colors_info=&#8220;{}&#8220;][et_pb_column type=&#8220;4_4&#8243; _builder_version=&#8220;4.16&#8243; _module_preset=&#8220;default&#8220; global_colors_info=&#8220;{}&#8220;][et_pb_text _builder_version=&#8220;4.16&#8243; _module_preset=&#8220;default&#8220; header_2_font=&#8220;||||||||&#8220; header_3_font=&#8220;|300|||||||&#8220; header_3_text_align=&#8220;center&#8220; header_3_font_size=&#8220;33px&#8220; custom_margin=&#8220;||2px||false|false&#8220; global_colors_info=&#8220;{}&#8220;]<\/p>\n<h3>Willkommen bei EMS<\/h3>\n<p>[\/et_pb_text][et_pb_divider color=&#8220;#c1d72e&#8220; divider_weight=&#8220;5px&#8220; _builder_version=&#8220;4.16&#8243; _module_preset=&#8220;default&#8220; width=&#8220;100px&#8220; module_alignment=&#8220;center&#8220; custom_margin=&#8220;||5px||false|false&#8220; global_colors_info=&#8220;{}&#8220;][\/et_pb_divider][et_pb_text _builder_version=&#8220;4.24.0&#8243; _module_preset=&#8220;default&#8220; text_orientation=&#8220;center&#8220; global_colors_info=&#8220;{}&#8220;]<\/p>\n<p>Gerne beantworten wir alle Ihre Fragen zu unseren Dienstleistungen und unseren Gesch\u00e4ftsbereichen. Ihre Kommentare, W\u00fcnsche und Vorschl\u00e4ge zur gesch\u00e4ftlichen Zusammenarbeit k\u00f6nnen Sie an einen der unten aufgef\u00fchrten Kontakte sowie \u00fcber das untenstehende Formular senden. Unsere Mitarbeiter werden umgehend auf Ihre Anfragen antworten.<\/p>\n<p>[\/et_pb_text][\/et_pb_column][\/et_pb_row][\/et_pb_section][et_pb_section fb_built=&#8220;1&#8243; _builder_version=&#8220;4.16&#8243; _module_preset=&#8220;default&#8220; background_color=&#8220;#c1d72e&#8220; custom_padding=&#8220;12px||12px||true|&#8220; global_colors_info=&#8220;{}&#8220;][et_pb_row column_structure=&#8220;3_5,2_5&#8243; use_custom_gutter=&#8220;on&#8220; make_equal=&#8220;on&#8220; custom_padding_last_edited=&#8220;on|tablet&#8220; _builder_version=&#8220;4.16&#8243; _module_preset=&#8220;default&#8220; custom_margin=&#8220;|auto|-4px|auto||&#8220; custom_padding=&#8220;26px||||false|false&#8220; custom_padding_tablet=&#8220;20px||||false|false&#8220; custom_padding_phone=&#8220;&#8220; global_colors_info=&#8220;{}&#8220;][et_pb_column type=&#8220;3_5&#8243; module_class=&#8220;vertical-align&#8220; _builder_version=&#8220;4.16&#8243; _module_preset=&#8220;default&#8220; global_colors_info=&#8220;{}&#8220;][et_pb_text _builder_version=&#8220;4.24.0&#8243; _module_preset=&#8220;default&#8220; header_3_text_color=&#8220;#ffffff&#8220; header_3_font_size=&#8220;33px&#8220; custom_margin=&#8220;||1px|||&#8220; header_3_font_size_tablet=&#8220;&#8220; header_3_font_size_phone=&#8220;26px&#8220; header_3_font_size_last_edited=&#8220;on|phone&#8220; locked=&#8220;off&#8220; global_colors_info=&#8220;{}&#8220;]<\/p>\n<h3>Elektromehanik Systeme<\/h3>\n<p>[\/et_pb_text][\/et_pb_column][et_pb_column type=&#8220;2_5&#8243; module_class=&#8220;vertical-align&#8220; _builder_version=&#8220;4.16&#8243; _module_preset=&#8220;default&#8220; global_colors_info=&#8220;{}&#8220;][et_pb_text _builder_version=&#8220;4.24.0&#8243; _module_preset=&#8220;default&#8220; text_font=&#8220;||||||||&#8220; text_text_color=&#8220;#ffffff&#8220; text_font_size=&#8220;18px&#8220; locked=&#8220;off&#8220; global_colors_info=&#8220;{}&#8220;]<\/p>\n<p>Ulica Kralja Andrije II 11, 42204 Donji Kneginec<br \/>OIB: 73206856152<br \/>Inhaber und Gesch\u00e4ftsf\u00fchrer: Mario Senko<\/p>\n<p>[\/et_pb_text][\/et_pb_column][\/et_pb_row][\/et_pb_section][et_pb_section fb_built=&#8220;1&#8243; _builder_version=&#8220;4.16&#8243; _module_preset=&#8220;default&#8220; background_color=&#8220;#eaebef&#8220; background_color_gradient_direction=&#8220;90deg&#8220; background_enable_image=&#8220;off&#8220; custom_padding=&#8220;32px||32px||true|&#8220; global_colors_info=&#8220;{}&#8220;][et_pb_row column_structure=&#8220;3_5,2_5&#8243; use_custom_gutter=&#8220;on&#8220; _builder_version=&#8220;4.16&#8243; _module_preset=&#8220;default&#8220; custom_padding=&#8220;||17px|||&#8220; global_colors_info=&#8220;{}&#8220;][et_pb_column type=&#8220;3_5&#8243; _builder_version=&#8220;4.16&#8243; _module_preset=&#8220;default&#8220; global_colors_info=&#8220;{}&#8220;][et_pb_text _builder_version=&#8220;4.16&#8243; _module_preset=&#8220;default&#8220; header_3_font_size=&#8220;28px&#8220; custom_margin=&#8220;||7px||false|false&#8220; header_3_font_size_tablet=&#8220;&#8220; header_3_font_size_phone=&#8220;24px&#8220; header_3_font_size_last_edited=&#8220;on|phone&#8220; global_colors_info=&#8220;{}&#8220;]<\/p>\n<h3>Hilfe und Informationen<\/h3>\n<p>[\/et_pb_text][et_pb_code _builder_version=&#8220;4.16&#8243; _module_preset=&#8220;default&#8220; custom_margin=&#8220;||37px|||&#8220; global_colors_info=&#8220;{}&#8220;]<p>[et_pb_section fb_built=&#8220;1&#8243; _builder_version=&#8220;4.16&#8243; background_color=&#8220;rgba(0,0,0,0)&#8220; custom_margin=&#8220;0px|0px|0px|0px|true|true&#8220; custom_padding=&#8220;0px|0px|0px|0px|true|true&#8220; template_type=&#8220;section&#8220; global_colors_info=&#8220;{}&#8220;][et_pb_row column_structure=&#8220;1_2,1_2&#8243; use_custom_gutter=&#8220;on&#8220; gutter_width=&#8220;2&#8243; _builder_version=&#8220;4.16&#8243; width=&#8220;100%&#8220; custom_margin=&#8220;0px|0px|0px|0px|true|true&#8220; custom_padding=&#8220;0px|0px|0px|0px|true|true&#8220; global_colors_info=&#8220;{}&#8220;][et_pb_column type=&#8220;1_2&#8243; _builder_version=&#8220;4.16&#8243; _module_preset=&#8220;default&#8220; global_colors_info=&#8220;{}&#8220;][et_pb_blurb title=&#8220;Direktor: Mario Senko&#8220; _builder_version=&#8220;4.24.2&#8243; _module_preset=&#8220;default&#8220; header_font=&#8220;|600|||||||&#8220; header_font_size=&#8220;16px&#8220; body_font_size=&#8220;14px&#8220; body_link_font=&#8220;||||on||||&#8220; body_link_text_color=&#8220;#393e41&#8243; background_color=&#8220;#f6f6f6&#8243; custom_margin=&#8220;|||||false&#8220; custom_padding=&#8220;22px|25px|22px|25px|true|true&#8220; hover_enabled=&#8220;0&#8243; global_colors_info=&#8220;{}&#8220; background__hover_enabled=&#8220;on|hover&#8220; background_color__hover=&#8220;#ffffff&#8220; background_enable_color__hover=&#8220;on&#8220; body_link_text_color__hover_enabled=&#8220;on|hover&#8220; body_link_text_color__hover=&#8220;#ea3d00&#8243; sticky_enabled=&#8220;0&#8243;]<\/p>\n<p>Mob: 099 623 0100<br \/>Email: <a href=\"mailto:mario.senko@emsgruppe.hr\">mario.senko@emsgruppe.hr<\/a><\/p>\n<p>[\/et_pb_blurb][et_pb_blurb title=&#8220;Voditelj tehnologije (strojarstvo): Luka Ke\u010dkan&#8220; _builder_version=&#8220;4.24.2&#8243; _module_preset=&#8220;default&#8220; header_font=&#8220;|600|||||||&#8220; header_font_size=&#8220;16px&#8220; body_font_size=&#8220;14px&#8220; body_link_font=&#8220;||||on||||&#8220; body_link_text_color=&#8220;#393e41&#8243; background_color=&#8220;#f6f6f6&#8243; custom_margin=&#8220;|||||false&#8220; custom_padding=&#8220;22px|25px|22px|25px|true|true&#8220; hover_enabled=&#8220;0&#8243; global_colors_info=&#8220;{}&#8220; background_color__hover=&#8220;#ffffff&#8220; background_enable_color__hover=&#8220;on&#8220; body_link_text_color__hover=&#8220;#ea3d00&#8243; body_link_text_color__hover_enabled=&#8220;on|hover&#8220; background__hover_enabled=&#8220;on|hover&#8220; sticky_enabled=&#8220;0&#8243;]<\/p>\n<p>Mob: 0<span>95 866 8699<\/span><br \/>Email: <a href=\"mailto:luka.keckan@emsgruppe.hr\"><span>luka.keckan@emsgruppe.hr<\/span><\/a><\/p>\n<p>[\/et_pb_blurb][et_pb_blurb title=&#8220;Referent prodaje: Elena Pere\u017ea&#8220; _builder_version=&#8220;4.24.2&#8243; _module_preset=&#8220;default&#8220; header_font=&#8220;|600|||||||&#8220; header_font_size=&#8220;16px&#8220; body_font_size=&#8220;14px&#8220; body_link_font=&#8220;||||on||||&#8220; body_link_text_color=&#8220;#393e41&#8243; background_color=&#8220;#f6f6f6&#8243; custom_margin=&#8220;|||||false&#8220; custom_padding=&#8220;22px|25px|22px|25px|true|true&#8220; hover_enabled=&#8220;0&#8243; global_colors_info=&#8220;{}&#8220; background_color__hover=&#8220;#ffffff&#8220; background_enable_color__hover=&#8220;on&#8220; body_link_text_color__hover=&#8220;#ea3d00&#8243; body_link_text_color__hover_enabled=&#8220;on|hover&#8220; background__hover_enabled=&#8220;on|hover&#8220; sticky_enabled=&#8220;0&#8243;]<\/p>\n<p>Mob: 0<span>91 4441 388<\/span><br \/>Email: <a href=\"mailto:elena.pereza@emsgruppe.hr\"><span>elena.pereza@emsgruppe.hr<\/span><\/a><\/p>\n<p>[\/et_pb_blurb][\/et_pb_column][et_pb_column type=&#8220;1_2&#8243; _builder_version=&#8220;4.16&#8243; _module_preset=&#8220;default&#8220; global_colors_info=&#8220;{}&#8220;][et_pb_blurb title=&#8220;Tehni\u010dki direktor: Valentino Vuk&#8220; _builder_version=&#8220;4.24.2&#8243; _module_preset=&#8220;default&#8220; header_font=&#8220;|600|||||||&#8220; header_font_size=&#8220;16px&#8220; body_font_size=&#8220;14px&#8220; body_link_font=&#8220;||||on||||&#8220; body_link_text_color=&#8220;#393e41&#8243; background_color=&#8220;#f6f6f6&#8243; custom_margin=&#8220;|||||false&#8220; custom_padding=&#8220;22px|25px|22px|25px|true|true&#8220; hover_enabled=&#8220;0&#8243; global_colors_info=&#8220;{}&#8220; background_color__hover=&#8220;#ffffff&#8220; background_enable_color__hover=&#8220;on&#8220; body_link_text_color__hover=&#8220;#ea3d00&#8243; body_link_text_color__hover_enabled=&#8220;on|hover&#8220; background__hover_enabled=&#8220;on|hover&#8220; sticky_enabled=&#8220;0&#8243;]<\/p>\n<p>Mob: 0<span>98 943 9095<\/span><br \/>Email: <a href=\"mailto:valentino.vuk@emsgruppe.hr\"><span>valentino.vuk@emsgruppe.hr<\/span><\/a><\/p>\n<p>[\/et_pb_blurb][et_pb_blurb title=&#8220;Administrator: Zvonko Gregurec&#8220; _builder_version=&#8220;4.24.2&#8243; _module_preset=&#8220;default&#8220; header_font=&#8220;|600|||||||&#8220; header_font_size=&#8220;16px&#8220; body_font_size=&#8220;14px&#8220; body_link_font=&#8220;||||on||||&#8220; body_link_text_color=&#8220;#393e41&#8243; background_color=&#8220;#f6f6f6&#8243; custom_margin=&#8220;|||||false&#8220; custom_padding=&#8220;22px|25px|22px|25px|true|true&#8220; hover_enabled=&#8220;0&#8243; global_colors_info=&#8220;{}&#8220; background_color__hover=&#8220;#ffffff&#8220; background_enable_color__hover=&#8220;on&#8220; body_link_text_color__hover=&#8220;#ea3d00&#8243; body_link_text_color__hover_enabled=&#8220;on|hover&#8220; background__hover_enabled=&#8220;on|hover&#8220; sticky_enabled=&#8220;0&#8243;]<\/p>\n<p>Mob: 0<span>91 517 4635<\/span><br \/>Email: <a href=\"mailto:zvonko.gregurec@emsgruppe.hr\"><span>zvonko.gregurec@emsgruppe.hr<\/span><\/a><\/p>\n<p>[\/et_pb_blurb][\/et_pb_column][\/et_pb_row][\/et_pb_section]<\/p>\n[\/et_pb_code][\/et_pb_column][et_pb_column type=&#8220;2_5&#8243; _builder_version=&#8220;4.16&#8243; _module_preset=&#8220;default&#8220; global_colors_info=&#8220;{}&#8220;][et_pb_text _builder_version=&#8220;4.24.0&#8243; _module_preset=&#8220;default&#8220; header_3_font_size=&#8220;28px&#8220; custom_margin=&#8220;||7px||false|false&#8220; header_3_font_size_tablet=&#8220;&#8220; header_3_font_size_phone=&#8220;24px&#8220; header_3_font_size_last_edited=&#8220;on|phone&#8220; global_colors_info=&#8220;{}&#8220;]<\/p>\n<h3>Nachricht senden<\/h3>\n<p>[\/et_pb_text][et_pb_contact_form email=&#8220;info@emsgruppe.hr&#8220; success_message=&#8220;Danke f\u00fcr den Kontakt!&#8220; submit_button_text=&#8220;Senden&#8220; _builder_version=&#8220;4.24.0&#8243; _module_preset=&#8220;default&#8220; _unique_id=&#8220;a708420c-c677-4f35-8581-ae40e35f4292&#8243; form_field_background_color=&#8220;#ffffff&#8220; form_field_text_color=&#8220;#64696d&#8220; form_field_focus_text_color=&#8220;#393e41&#8243; custom_margin=&#8220;8px||||false|false&#8220; border_color_all=&#8220;#ffffff&#8220; global_colors_info=&#8220;{}&#8220;][et_pb_contact_field field_id=&#8220;Name&#8220; field_title=&#8220;Vor- und Nachname *&#8220; fullwidth_field=&#8220;on&#8220; _builder_version=&#8220;4.24.0&#8243; global_colors_info=&#8220;{}&#8220; button_text_size__hover_enabled=&#8220;off&#8220; button_one_text_size__hover_enabled=&#8220;off&#8220; button_two_text_size__hover_enabled=&#8220;off&#8220; button_text_color__hover_enabled=&#8220;off&#8220; button_one_text_color__hover_enabled=&#8220;off&#8220; button_two_text_color__hover_enabled=&#8220;off&#8220; button_border_width__hover_enabled=&#8220;off&#8220; button_one_border_width__hover_enabled=&#8220;off&#8220; button_two_border_width__hover_enabled=&#8220;off&#8220; button_border_color__hover_enabled=&#8220;off&#8220; button_one_border_color__hover_enabled=&#8220;off&#8220; button_two_border_color__hover_enabled=&#8220;off&#8220; button_border_radius__hover_enabled=&#8220;off&#8220; button_one_border_radius__hover_enabled=&#8220;off&#8220; button_two_border_radius__hover_enabled=&#8220;off&#8220; button_letter_spacing__hover_enabled=&#8220;off&#8220; button_one_letter_spacing__hover_enabled=&#8220;off&#8220; button_two_letter_spacing__hover_enabled=&#8220;off&#8220; button_bg_color__hover_enabled=&#8220;off&#8220; button_one_bg_color__hover_enabled=&#8220;off&#8220; button_two_bg_color__hover_enabled=&#8220;off&#8220;][\/et_pb_contact_field][et_pb_contact_field field_id=&#8220;Email-adresa&#8220; field_title=&#8220;E-Mail-Adresse *&#8220; field_type=&#8220;email&#8220; fullwidth_field=&#8220;on&#8220; _builder_version=&#8220;4.24.0&#8243; global_colors_info=&#8220;{}&#8220; button_text_size__hover_enabled=&#8220;off&#8220; button_one_text_size__hover_enabled=&#8220;off&#8220; button_two_text_size__hover_enabled=&#8220;off&#8220; button_text_color__hover_enabled=&#8220;off&#8220; button_one_text_color__hover_enabled=&#8220;off&#8220; button_two_text_color__hover_enabled=&#8220;off&#8220; button_border_width__hover_enabled=&#8220;off&#8220; button_one_border_width__hover_enabled=&#8220;off&#8220; button_two_border_width__hover_enabled=&#8220;off&#8220; button_border_color__hover_enabled=&#8220;off&#8220; button_one_border_color__hover_enabled=&#8220;off&#8220; button_two_border_color__hover_enabled=&#8220;off&#8220; button_border_radius__hover_enabled=&#8220;off&#8220; button_one_border_radius__hover_enabled=&#8220;off&#8220; button_two_border_radius__hover_enabled=&#8220;off&#8220; button_letter_spacing__hover_enabled=&#8220;off&#8220; button_one_letter_spacing__hover_enabled=&#8220;off&#8220; button_two_letter_spacing__hover_enabled=&#8220;off&#8220; button_bg_color__hover_enabled=&#8220;off&#8220; button_one_bg_color__hover_enabled=&#8220;off&#8220; button_two_bg_color__hover_enabled=&#8220;off&#8220;][\/et_pb_contact_field][et_pb_contact_field field_id=&#8220;Phone&#8220; field_title=&#8220;Telefonnummer&#8220; required_mark=&#8220;off&#8220; fullwidth_field=&#8220;on&#8220; _builder_version=&#8220;4.24.0&#8243; _module_preset=&#8220;default&#8220; global_colors_info=&#8220;{}&#8220;][\/et_pb_contact_field][et_pb_contact_field field_id=&#8220;Message&#8220; field_title=&#8220;Nachricht *&#8220; field_type=&#8220;text&#8220; fullwidth_field=&#8220;on&#8220; _builder_version=&#8220;4.24.0&#8243; global_colors_info=&#8220;{}&#8220; button_text_size__hover_enabled=&#8220;off&#8220; button_one_text_size__hover_enabled=&#8220;off&#8220; button_two_text_size__hover_enabled=&#8220;off&#8220; button_text_color__hover_enabled=&#8220;off&#8220; button_one_text_color__hover_enabled=&#8220;off&#8220; button_two_text_color__hover_enabled=&#8220;off&#8220; button_border_width__hover_enabled=&#8220;off&#8220; button_one_border_width__hover_enabled=&#8220;off&#8220; button_two_border_width__hover_enabled=&#8220;off&#8220; button_border_color__hover_enabled=&#8220;off&#8220; button_one_border_color__hover_enabled=&#8220;off&#8220; button_two_border_color__hover_enabled=&#8220;off&#8220; button_border_radius__hover_enabled=&#8220;off&#8220; button_one_border_radius__hover_enabled=&#8220;off&#8220; button_two_border_radius__hover_enabled=&#8220;off&#8220; button_letter_spacing__hover_enabled=&#8220;off&#8220; button_one_letter_spacing__hover_enabled=&#8220;off&#8220; button_two_letter_spacing__hover_enabled=&#8220;off&#8220; button_bg_color__hover_enabled=&#8220;off&#8220; button_one_bg_color__hover_enabled=&#8220;off&#8220; button_two_bg_color__hover_enabled=&#8220;off&#8220;][\/et_pb_contact_field][et_pb_contact_field field_id=&#8220;Privacy-policy&#8220; field_title=&#8220; &#8220; field_type=&#8220;checkbox&#8220; checkbox_options=&#8220;%91{%22value%22:%22Ich stimme den %22,%22checked%22:0,%22dragID%22:-1,%22link_url%22:%22https:\/\/emsgruppe.hr\/de\/datenschutzerklaerung\/%22,%22link_text%22:%22Nutzungsbedingungen zu%22}%93&#8243; fullwidth_field=&#8220;on&#8220; _builder_version=&#8220;4.24.0&#8243; _module_preset=&#8220;default&#8220; link_option_url_new_window=&#8220;on&#8220; global_colors_info=&#8220;{}&#8220;][\/et_pb_contact_field][\/et_pb_contact_form][\/et_pb_column][\/et_pb_row][\/et_pb_section][et_pb_section fb_built=&#8220;1&#8243; fullwidth=&#8220;on&#8220; _builder_version=&#8220;4.16&#8243; _module_preset=&#8220;default&#8220; border_width_top=&#8220;1px&#8220; border_color_top=&#8220;#ffffff&#8220; global_colors_info=&#8220;{}&#8220;][et_pb_fullwidth_map address=&#8220;Ulica kralja Andrije II, broj 4, 42204, Tur\u010din, Croatia&#8220; zoom_level=&#8220;12&#8243; address_lat=&#8220;46.2678994&#8243; address_lng=&#8220;16.378441&#8243; mouse_wheel=&#8220;off&#8220; _builder_version=&#8220;4.16&#8243; _module_preset=&#8220;default&#8220; min_height_tablet=&#8220;&#8220; min_height_phone=&#8220;&#8220; min_height_last_edited=&#8220;on|desktop&#8220; height=&#8220;500px&#8220; child_filter_saturate=&#8220;0%&#8220; global_colors_info=&#8220;{}&#8220;][et_pb_map_pin pin_address=&#8220;Ulica kralja Andrije II, broj 4, 42204, Tur\u010din, Croatia&#8220; pin_address_lat=&#8220;46.2678994&#8243; pin_address_lng=&#8220;16.378441&#8243; _builder_version=&#8220;4.7.7&#8243; _module_preset=&#8220;default&#8220; global_colors_info=&#8220;{}&#8220;][\/et_pb_map_pin][\/et_pb_fullwidth_map][\/et_pb_section]<\/p>\n","protected":false},"excerpt":{"rendered":"<p>Willkommen bei EMSGerne beantworten wir alle Ihre Fragen zu unseren Dienstleistungen und unseren Gesch\u00e4ftsbereichen. Ihre Kommentare, W\u00fcnsche und Vorschl\u00e4ge zur gesch\u00e4ftlichen Zusammenarbeit k\u00f6nnen Sie an einen der unten aufgef\u00fchrten Kontakte sowie \u00fcber das untenstehende Formular senden. Unsere Mitarbeiter werden umgehend auf Ihre Anfragen antworten.Elektromehanik SystemeUlica Kralja Andrije II 11, 42204 Donji KneginecOIB: 73206856152Inhaber und Gesch\u00e4ftsf\u00fchrer: [&hellip;]<\/p>\n","protected":false},"author":1,"featured_media":0,"parent":0,"menu_order":0,"comment_status":"closed","ping_status":"closed","template":"","meta":{"_et_pb_use_builder":"on","_et_pb_old_content":"","_et_gb_content_width":"","footnotes":""},"class_list":["post-2112","page","type-page","status-publish","hentry"],"_links":{"self":[{"href":"https:\/\/emsgruppe.hr\/de\/wp-json\/wp\/v2\/pages\/2112","targetHints":{"allow":["GET"]}}],"collection":[{"href":"https:\/\/emsgruppe.hr\/de\/wp-json\/wp\/v2\/pages"}],"about":[{"href":"https:\/\/emsgruppe.hr\/de\/wp-json\/wp\/v2\/types\/page"}],"author":[{"embeddable":true,"href":"https:\/\/emsgruppe.hr\/de\/wp-json\/wp\/v2\/users\/1"}],"replies":[{"embeddable":true,"href":"https:\/\/emsgruppe.hr\/de\/wp-json\/wp\/v2\/comments?post=2112"}],"version-history":[{"count":0,"href":"https:\/\/emsgruppe.hr\/de\/wp-json\/wp\/v2\/pages\/2112\/revisions"}],"wp:attachment":[{"href":"https:\/\/emsgruppe.hr\/de\/wp-json\/wp\/v2\/media?parent=2112"}],"curies":[{"name":"wp","href":"https:\/\/api.w.org\/{rel}","templated":true}]}}