{"id":2124,"date":"2021-03-21T16:39:13","date_gmt":"2021-03-21T15:39:13","guid":{"rendered":"https:\/\/emsgruppe.hr\/bewerbung\/"},"modified":"2024-02-14T09:17:13","modified_gmt":"2024-02-14T08:17:13","slug":"karriere","status":"publish","type":"page","link":"https:\/\/emsgruppe.hr\/de\/karriere\/","title":{"rendered":"Karriere"},"content":{"rendered":"<p>[et_pb_section fb_built=&#8220;1&#8243; _builder_version=&#8220;4.6.6&#8243; _module_preset=&#8220;default&#8220; custom_padding=&#8220;65px||47px|||&#8220;][et_pb_row _builder_version=&#8220;4.6.6&#8243; _module_preset=&#8220;default&#8220; custom_padding=&#8220;0px||19px|||&#8220;][et_pb_column type=&#8220;4_4&#8243; _builder_version=&#8220;4.6.6&#8243; _module_preset=&#8220;default&#8220;][et_pb_text _builder_version=&#8220;4.8.1&#8243; _module_preset=&#8220;default&#8220; header_2_font=&#8220;||||||||&#8220; header_3_font=&#8220;|300|||||||&#8220; header_3_text_align=&#8220;center&#8220; header_3_font_size=&#8220;33px&#8220; custom_margin=&#8220;||2px||false|false&#8220;]<\/p>\n<h3>Arbeiten Sie in einer dynamischen und anregenden Umgebung<\/h3>\n<p>[\/et_pb_text][et_pb_divider color=&#8220;#c1d72e&#8220; divider_weight=&#8220;5px&#8220; _builder_version=&#8220;4.6.6&#8243; _module_preset=&#8220;default&#8220; width=&#8220;100px&#8220; module_alignment=&#8220;center&#8220; custom_margin=&#8220;||5px||false|false&#8220;][\/et_pb_divider][et_pb_text _builder_version=&#8220;4.8.1&#8243; _module_preset=&#8220;default&#8220; text_orientation=&#8220;center&#8220;]<\/p>\n<p>Wenn Sie in einem gesunden Gesch\u00e4ftsumfeld arbeiten und alle Vorteile unseres dynamischen und anregenden Umfelds nutzen m\u00f6chten, k\u00f6nnen Sie Ihre Bewerbung \u00fcber das unten stehende Formular senden. Wir werden den Eingang so schnell wie m\u00f6glich bearbeiten und Ihnen Feedback senden.<\/p>\n<p>[\/et_pb_text][\/et_pb_column][\/et_pb_row][\/et_pb_section][et_pb_section fb_built=&#8220;1&#8243; _builder_version=&#8220;4.8.1&#8243; _module_preset=&#8220;default&#8220; background_color=&#8220;#eaebef&#8220; background_color_gradient_direction=&#8220;90deg&#8220; background_enable_image=&#8220;off&#8220; custom_padding=&#8220;25px||45px||false|false&#8220;][et_pb_row use_custom_gutter=&#8220;on&#8220; _builder_version=&#8220;4.7.0&#8243; _module_preset=&#8220;default&#8220; custom_padding=&#8220;||17px|||&#8220;][et_pb_column type=&#8220;4_4&#8243; _builder_version=&#8220;4.6.6&#8243; _module_preset=&#8220;default&#8220;][dipl_form_styler form_type=&#8220;caldera_form&#8220; caldera_form_id=&#8220;CF60647ab68f092&#8243; input_text_color=&#8220;#393E41&#8243; focus_input_text_color=&#8220;#393E41&#8243; input_custom_padding=&#8220;25px|15px|25px|15px|true|true&#8220; use_custom_checkbox=&#8220;on&#8220; checkbox_bg_color=&#8220;#FFFFFF&#8220; checkbox_checked_bg_color=&#8220;#FFFFFF&#8220; upload_custom_padding=&#8220;||||false|false&#8220; button_custom_padding=&#8220;||||false|false&#8220; submit_custom_padding=&#8220;10px|20px|10px|20px|true|true&#8220; submit_bg_color=&#8220;#C1D72E&#8220; _builder_version=&#8220;4.9.2&#8243; _module_preset=&#8220;default&#8220; label_font=&#8220;Roboto||||||||&#8220; label_text_color=&#8220;#64696D&#8220; label_font_size=&#8220;14px&#8220; input_font_size=&#8220;14px&#8220; checkbox_label_text_color=&#8220;#FFFFFF&#8220; upload_text_font_size=&#8220;14px&#8220; submit_button_text_text_color=&#8220;#FFFFFF&#8220; submit_button_text_font_size=&#8220;20px&#8220; button_text_text_color=&#8220;#FFFFFF&#8220; hover_enabled=&#8220;0&#8243; border_width_all_input=&#8220;0px&#8220; border_width_all_checkbox=&#8220;0px&#8220; border_width_all_submit_button=&#8220;0px&#8220; border_color_all_submit_button=&#8220;#FFFFFF&#8220; submit_bg_color__hover_enabled=&#8220;on|hover&#8220; submit_bg_color__hover=&#8220;#b0c61c&#8220; submit_bg_enable_color__hover=&#8220;on&#8220; sticky_enabled=&#8220;0&#8243;][\/dipl_form_styler][\/et_pb_column][\/et_pb_row][\/et_pb_section]<\/p>\n","protected":false},"excerpt":{"rendered":"<p>Arbeiten Sie in einer dynamischen und anregenden UmgebungWenn Sie in einem gesunden Gesch\u00e4ftsumfeld arbeiten und alle Vorteile unseres dynamischen und anregenden Umfelds nutzen m\u00f6chten, k\u00f6nnen Sie Ihre Bewerbung \u00fcber das unten stehende Formular senden. Wir werden den Eingang so schnell wie m\u00f6glich bearbeiten und Ihnen Feedback senden.<div class=\"et_pb_module dipl_form_styler dipl_form_styler_0\">\n\t\t\t\t\n\t\t\t\t\n\t\t\t\t\n\t\t\t\t\n\t\t\t\t\n\t\t\t\t\n\t\t\t\t<div class=\"et_pb_module_inner\">\n\t\t\t\t\t\n\t\t\t\t<\/div>\n\t\t\t<\/div><\/p>\n","protected":false},"author":1,"featured_media":0,"parent":0,"menu_order":0,"comment_status":"closed","ping_status":"closed","template":"","meta":{"_et_pb_use_builder":"on","_et_pb_old_content":"","_et_gb_content_width":"","footnotes":""},"class_list":["post-2124","page","type-page","status-publish","hentry"],"_links":{"self":[{"href":"https:\/\/emsgruppe.hr\/de\/wp-json\/wp\/v2\/pages\/2124","targetHints":{"allow":["GET"]}}],"collection":[{"href":"https:\/\/emsgruppe.hr\/de\/wp-json\/wp\/v2\/pages"}],"about":[{"href":"https:\/\/emsgruppe.hr\/de\/wp-json\/wp\/v2\/types\/page"}],"author":[{"embeddable":true,"href":"https:\/\/emsgruppe.hr\/de\/wp-json\/wp\/v2\/users\/1"}],"replies":[{"embeddable":true,"href":"https:\/\/emsgruppe.hr\/de\/wp-json\/wp\/v2\/comments?post=2124"}],"version-history":[{"count":0,"href":"https:\/\/emsgruppe.hr\/de\/wp-json\/wp\/v2\/pages\/2124\/revisions"}],"wp:attachment":[{"href":"https:\/\/emsgruppe.hr\/de\/wp-json\/wp\/v2\/media?parent=2124"}],"curies":[{"name":"wp","href":"https:\/\/api.w.org\/{rel}","templated":true}]}}