{"id":2145,"date":"2021-03-21T16:46:12","date_gmt":"2021-03-21T15:46:12","guid":{"rendered":"https:\/\/emsgruppe.hr\/maschinenbau\/"},"modified":"2024-03-11T18:10:25","modified_gmt":"2024-03-11T17:10:25","slug":"maschinenbau","status":"publish","type":"page","link":"https:\/\/emsgruppe.hr\/de\/maschinenbau\/","title":{"rendered":"Maschinenbau"},"content":{"rendered":"<p>[et_pb_section fb_built=&#8220;1&#8243; custom_padding_last_edited=&#8220;on|tablet&#8220; _builder_version=&#8220;4.16&#8243; _module_preset=&#8220;default&#8220; custom_padding=&#8220;65px||47px|||&#8220; custom_padding_tablet=&#8220;65px||0px||false|false&#8220; custom_padding_phone=&#8220;&#8220; global_colors_info=&#8220;{}&#8220;][et_pb_row _builder_version=&#8220;4.16&#8243; _module_preset=&#8220;default&#8220; custom_margin=&#8220;||9px||false|false&#8220; custom_padding=&#8220;0px||19px|||&#8220; global_colors_info=&#8220;{}&#8220;][et_pb_column type=&#8220;4_4&#8243; _builder_version=&#8220;4.16&#8243; _module_preset=&#8220;default&#8220; global_colors_info=&#8220;{}&#8220;][et_pb_text _builder_version=&#8220;4.24.0&#8243; _module_preset=&#8220;default&#8220; custom_margin=&#8220;||0px||false|false&#8220; global_colors_info=&#8220;{}&#8220;]<\/p>\n<p>T\u00e4glich entstehen um uns herum neue Geb\u00e4ude, Hallen, Lagerh\u00e4user, Einkaufszentren und Gesch\u00e4fte, H\u00e4user, Fabriken &#8211; und wir beteiligen uns an ihrer Ausstattung. EMS bietet verschiedene Dienstleistungen im Bereich Maschinenbau und Ingenieurwesen f\u00fcr die Ausstattung von R\u00e4umen mit verschiedenen Metallkonstruktionen an, die alles von der Planung \u00fcber die Herstellung bis hin zur Pr\u00fcfung umfassen. Besonders stolz sind wir auf die Herstellung von Prototypen kompletter Maschinen und Produktionslinien in der Industrie, bei der wir die M\u00f6glichkeit bieten, in allen Projektphasen mitzuwirken:<\/p>\n<ul>\n<li>Ausarbeitung der konzeptionellen L\u00f6sung<\/li>\n<li>Konstruktion und Erstellung von Werkstattdokumentation<\/li>\n<li>Kostenoptimierung<\/li>\n<li>Fertigung in der Werkstatt<\/li>\n<li>Inbetriebnahme<\/li>\n<\/ul>\n<p>Die enge Zusammenarbeit mit unseren Abteilungen f\u00fcr Elektrotechnik und Mechanik bietet uns einen gro\u00dfen Vorteil und die M\u00f6glichkeit, uns den Anforderungen des Kunden anzupassen.<\/p>\n<p>[\/et_pb_text][\/et_pb_column][\/et_pb_row][et_pb_row column_structure=&#8220;1_2,1_2&#8243; use_custom_gutter=&#8220;on&#8220; gutter_width=&#8220;2&#8243; _builder_version=&#8220;4.24.0&#8243; _module_preset=&#8220;default&#8220; custom_padding=&#8220;30px||||false|false&#8220; global_colors_info=&#8220;{}&#8220;][et_pb_column type=&#8220;1_2&#8243; _builder_version=&#8220;4.16&#8243; _module_preset=&#8220;default&#8220; global_colors_info=&#8220;{}&#8220;][dipl_interactive_image_card title=&#8220;Schwei\u00dfen&#8220; image=&#8220;https:\/\/emsgruppe.hr\/wp-content\/uploads\/2020\/12\/zavarivanje.jpg&#8220; image_alt=&#8220;Zavarivanje&#8220; select_layout=&#8220;effect-sadie&#8220; enable_gradient=&#8220;on&#8220; grandient_color_1=&#8220;rgba(0,0,0,0.25)&#8220; grandient_color_2=&#8220;rgba(0,0,0,0.45)&#8220; gradient_start_position=&#8220;60%&#8220; _builder_version=&#8220;4.24.0&#8243; _module_preset=&#8220;default&#8220; title_text_color=&#8220;#ffffff&#8220; title_font_size=&#8220;30px&#8220; content_font_size=&#8220;16px&#8220; content_line_height=&#8220;1.3em&#8220; global_colors_info=&#8220;{}&#8220;]<\/p>\n<p>Wir bieten Schwei\u00dfdienstleistungen f\u00fcr Konstruktionsstahl, Edelstahl, Aluminium und Spezialmaterialien an. Wir schwei\u00dfen mit MIG\/MAG, TIG und REL-Verfahren unter Verwendung moderner Schwei\u00dfger\u00e4te und Schwei\u00dfausr\u00fcstung, die sich allen Anforderungen anpassen kann.<\/p>\n<p>[\/dipl_interactive_image_card][\/et_pb_column][et_pb_column type=&#8220;1_2&#8243; _builder_version=&#8220;4.16&#8243; _module_preset=&#8220;default&#8220; global_colors_info=&#8220;{}&#8220;][dipl_interactive_image_card title=&#8220;Zerst\u00f6rungsfreie Pr\u00fcfung von Schwei\u00dfn\u00e4hten (NDT)&#8220; image=&#8220;https:\/\/emsgruppe.hr\/wp-content\/uploads\/2020\/12\/technology.jpg&#8220; image_alt=&#8220;Tehnologija&#8220; select_layout=&#8220;effect-sadie&#8220; enable_gradient=&#8220;on&#8220; grandient_color_1=&#8220;rgba(0,0,0,0.25)&#8220; grandient_color_2=&#8220;rgba(0,0,0,0.45)&#8220; gradient_start_position=&#8220;60%&#8220; _builder_version=&#8220;4.24.0&#8243; _module_preset=&#8220;default&#8220; title_text_color=&#8220;#ffffff&#8220; title_font_size=&#8220;30px&#8220; content_font_size=&#8220;16px&#8220; content_line_height=&#8220;1.3em&#8220; global_colors_info=&#8220;{}&#8220;]<\/p>\n<p>Die Fachkompetenz unserer Mitarbeiter zeigt sich auch darin, dass sie f\u00fcr die zerst\u00f6rungsfreie Pr\u00fcfung von Schwei\u00dfverbindungen ausgebildet und qualifiziert sind. Die Zertifikate, die sie besitzen, erm\u00f6glichen ihnen die Durchf\u00fchrung und Dokumentation von zerst\u00f6rungsfreien Pr\u00fcfungen sowie die Bewertung von festgestellten Unregelm\u00e4\u00dfigkeiten. Wir f\u00fchren visuelle Pr\u00fcfungen (VT), magnetische Pr\u00fcfungen (MT) und Eindringpr\u00fcfung (PT) durch.<\/p>\n<p>[\/dipl_interactive_image_card][\/et_pb_column][\/et_pb_row][et_pb_row use_custom_gutter=&#8220;on&#8220; gutter_width=&#8220;2&#8243; custom_padding_last_edited=&#8220;on|tablet&#8220; _builder_version=&#8220;4.24.0&#8243; _module_preset=&#8220;default&#8220; custom_padding=&#8220;10px||||false|false&#8220; custom_padding_tablet=&#8220;0px||||false|false&#8220; custom_padding_phone=&#8220;0px||||false|false&#8220; global_colors_info=&#8220;{}&#8220;][et_pb_column type=&#8220;4_4&#8243; _builder_version=&#8220;4.16&#8243; _module_preset=&#8220;default&#8220; global_colors_info=&#8220;{}&#8220;][dipl_interactive_image_card title=&#8220;Maschinenbauingenieurwesen&#8220; image=&#8220;https:\/\/emsgruppe.hr\/wp-content\/uploads\/2020\/12\/inzenjering.jpg&#8220; image_alt=&#8220;In\u017eenjering&#8220; select_layout=&#8220;effect-sadie&#8220; enable_gradient=&#8220;on&#8220; grandient_color_1=&#8220;rgba(0,0,0,0.25)&#8220; grandient_color_2=&#8220;rgba(0,0,0,0.45)&#8220; gradient_start_position=&#8220;60%&#8220; _builder_version=&#8220;4.24.0&#8243; _module_preset=&#8220;default&#8220; title_text_color=&#8220;#ffffff&#8220; title_font_size=&#8220;30px&#8220; content_font_size=&#8220;16px&#8220; content_line_height=&#8220;1.3em&#8220; max_width=&#8220;48%&#8220; max_width_tablet=&#8220;100%&#8220; max_width_phone=&#8220;100%&#8220; max_width_last_edited=&#8220;on|desktop&#8220; custom_margin=&#8220;|auto||auto|false|false&#8220; module_alignment_tablet=&#8220;&#8220; module_alignment_phone=&#8220;&#8220; module_alignment_last_edited=&#8220;on|tablet&#8220; global_colors_info=&#8220;{}&#8220;]<\/p>\n<p>Wenn Sie die Durchf\u00fchrung eines Projekts von Anfang bis Ende ben\u00f6tigen, wissen Sie, dass Sie sich auf uns verlassen k\u00f6nnen. Unsere Mitarbeiter sind Experten in verschiedenen Gebieten, so dass wir Ihnen alles von Design und Planung bis hin zur Konstruktion, Montage und erforderlichen Dokumentation (Erstdokumentation, Implementierung, Projektklassifizierung) liefern k\u00f6nnen.<\/p>\n<p>[\/dipl_interactive_image_card][\/et_pb_column][\/et_pb_row][\/et_pb_section][et_pb_section fb_built=&#8220;1&#8243; disabled_on=&#8220;off|off|off&#8220; _builder_version=&#8220;4.24.2&#8243; _module_preset=&#8220;default&#8220; custom_padding=&#8220;0px||0px||false|false&#8220; locked=&#8220;off&#8220; global_colors_info=&#8220;{}&#8220;][et_pb_row column_structure=&#8220;1_2,1_2&#8243; use_custom_gutter=&#8220;on&#8220; gutter_width=&#8220;1&#8243; make_equal=&#8220;on&#8220; _builder_version=&#8220;4.24.2&#8243; _module_preset=&#8220;default&#8220; background_color=&#8220;#ebebec&#8220; width=&#8220;100%&#8220; max_width=&#8220;100%&#8220; custom_padding=&#8220;0px||0px||false|false&#8220; global_colors_info=&#8220;{}&#8220;][et_pb_column type=&#8220;1_2&#8243; _builder_version=&#8220;4.24.2&#8243; _module_preset=&#8220;default&#8220; background_color=&#8220;#c1d72e&#8220; custom_padding=&#8220;45px|40px|45px||true|false&#8220; custom_padding_tablet=&#8220;45px|40px|45px|40px|true|false&#8220; custom_padding_phone=&#8220;|20px||20px|true|false&#8220; custom_padding_last_edited=&#8220;on|tablet&#8220; border_radii=&#8220;off||22px||&#8220; global_colors_info=&#8220;{}&#8220;][et_pb_text _builder_version=&#8220;4.24.2&#8243; _module_preset=&#8220;default&#8220; header_3_font=&#8220;|700|||||||&#8220; header_3_text_color=&#8220;#ffffff&#8220; header_3_font_size=&#8220;30px&#8220; width=&#8220;100%&#8220; max_width=&#8220;560px&#8220; max_width_last_edited=&#8220;off|phone&#8220; module_alignment=&#8220;right&#8220; custom_padding=&#8220;||||false|false&#8220; custom_padding_tablet=&#8220;||||false|false&#8220; custom_padding_phone=&#8220;||||false|false&#8220; custom_padding_last_edited=&#8220;on|tablet&#8220; hover_enabled=&#8220;0&#8243; text_font_size_tablet=&#8220;&#8220; text_font_size_phone=&#8220;&#8220; text_font_size_last_edited=&#8220;on|tablet&#8220; header_3_font_size_tablet=&#8220;&#8220; header_3_font_size_phone=&#8220;26px&#8220; header_3_font_size_last_edited=&#8220;on|phone&#8220; module_alignment_tablet=&#8220;left&#8220; module_alignment_phone=&#8220;left&#8220; module_alignment_last_edited=&#8220;on|tablet&#8220; global_colors_info=&#8220;{}&#8220; sticky_enabled=&#8220;0&#8243;]<\/p>\n<h3>Mit uns erhalten Sie eine Garantie f\u00fcr:<\/h3>\n<p>[\/et_pb_text][et_pb_text _builder_version=&#8220;4.24.2&#8243; _module_preset=&#8220;default&#8220; text_text_color=&#8220;#ffffff&#8220; text_font_size=&#8220;20px&#8220; width=&#8220;100%&#8220; max_width=&#8220;560px&#8220; module_alignment=&#8220;right&#8220; custom_padding_tablet=&#8220;||||false|false&#8220; custom_padding_phone=&#8220;||||false|false&#8220; custom_padding_last_edited=&#8220;on|tablet&#8220; hover_enabled=&#8220;0&#8243; module_alignment_tablet=&#8220;left&#8220; module_alignment_phone=&#8220;left&#8220; module_alignment_last_edited=&#8220;on|tablet&#8220; global_colors_info=&#8220;{}&#8220; sticky_enabled=&#8220;0&#8243;]<\/p>\n<ul>\n<li>Qualit\u00e4ten<\/li>\n<li>Geschwindigkeiten<\/li>\n<li>Zuverl\u00e4ssigkeit<\/li>\n<li>Effizienz<\/li>\n<\/ul>\n<p>[\/et_pb_text][et_pb_text _builder_version=&#8220;4.24.2&#8243; _dynamic_attributes=&#8220;link_option_url&#8220; _module_preset=&#8220;default&#8220; text_text_color=&#8220;#FFFFFF&#8220; text_font_size=&#8220;18px&#8220; background_color=&#8220;#64696D&#8220; text_orientation=&#8220;center&#8220; width=&#8220;100%&#8220; max_width=&#8220;560px&#8220; max_width_tablet=&#8220;100%&#8220; max_width_phone=&#8220;100%&#8220; max_width_last_edited=&#8220;on|tablet&#8220; module_alignment=&#8220;right&#8220; custom_margin_tablet=&#8220;||||false|false&#8220; custom_margin_phone=&#8220;||||false|false&#8220; custom_margin_last_edited=&#8220;on|tablet&#8220; custom_padding=&#8220;14px||13px||false|false&#8220; custom_padding_tablet=&#8220;14px||13px||false|false&#8220; custom_padding_phone=&#8220;14px||13px||false|false&#8220; custom_padding_last_edited=&#8220;on|tablet&#8220; link_option_url=&#8220;@ET-DC@eyJkeW5hbWljIjp0cnVlLCJjb250ZW50IjoicG9zdF9saW5rX3VybF9wYWdlIiwic2V0dGluZ3MiOnsicG9zdF9pZCI6IjQ4MCJ9fQ==@&#8220; hover_enabled=&#8220;0&#8243; text_font_size_tablet=&#8220;18px&#8220; text_font_size_phone=&#8220;16px&#8220; text_font_size_last_edited=&#8220;on|phone&#8220; module_alignment_tablet=&#8220;left&#8220; module_alignment_phone=&#8220;left&#8220; module_alignment_last_edited=&#8220;on|tablet&#8220; global_colors_info=&#8220;{}&#8220; background__hover_enabled=&#8220;on|hover&#8220; background_color__hover=&#8220;#545a5e&#8220; background_enable_color__hover=&#8220;on&#8220; sticky_enabled=&#8220;0&#8243;]<\/p>\n<p>Kontaktieren Sie uns und vereinbaren Sie eine Zusammenarbeit!<\/p>\n<p>[\/et_pb_text][\/et_pb_column][et_pb_column type=&#8220;1_2&#8243; _builder_version=&#8220;4.24.2&#8243; _module_preset=&#8220;default&#8220; background_color=&#8220;#ebebec&#8220; custom_padding=&#8220;30px|0px|30px|60px|true|false&#8220; custom_padding_tablet=&#8220;30px|0px|30px|40px|true|false&#8220; custom_padding_phone=&#8220;|20px||20px|true|false&#8220; custom_padding_last_edited=&#8220;on|tablet&#8220; global_colors_info=&#8220;{}&#8220;][et_pb_text _builder_version=&#8220;4.24.2&#8243; _module_preset=&#8220;default&#8220; text_font=&#8220;|600|||||||&#8220; text_text_color=&#8220;#64696D&#8220; custom_margin=&#8220;19px||||false|false&#8220; hover_enabled=&#8220;0&#8243; global_colors_info=&#8220;{}&#8220; sticky_enabled=&#8220;0&#8243;]<\/p>\n<p>Unsere zufriedenen Kunden<\/p>\n<p>[\/et_pb_text][et_pb_image src=&#8220;https:\/\/emsgruppe.hr\/wp-content\/uploads\/2024\/03\/reference-thumb-1.png&#8220; url=&#8220;@ET-DC@eyJkeW5hbWljIjp0cnVlLCJjb250ZW50IjoicG9zdF9saW5rX3VybF9wYWdlIiwic2V0dGluZ3MiOnsicG9zdF9pZCI6IjcyNiJ9fQ==@&#8220; _builder_version=&#8220;4.24.2&#8243; _dynamic_attributes=&#8220;url&#8220; _module_preset=&#8220;default&#8220; custom_margin=&#8220;31px||||false|false&#8220; animation_style=&#8220;slide&#8220; animation_direction=&#8220;right&#8220; animation_intensity_slide=&#8220;20%&#8220; global_colors_info=&#8220;{}&#8220;][\/et_pb_image][et_pb_image src=&#8220;https:\/\/emsgruppe.hr\/wp-content\/uploads\/2020\/11\/reference-thumb.png&#8220; url=&#8220;@ET-DC@eyJkeW5hbWljIjp0cnVlLCJjb250ZW50IjoicG9zdF9saW5rX3VybF9wYWdlIiwic2V0dGluZ3MiOnsicG9zdF9pZCI6IjcyNiJ9fQ==@&#8220; _builder_version=&#8220;4.24.2&#8243; _dynamic_attributes=&#8220;url&#8220; _module_preset=&#8220;default&#8220; custom_margin=&#8220;23px||||false|false&#8220; animation_style=&#8220;slide&#8220; animation_direction=&#8220;right&#8220; animation_intensity_slide=&#8220;20%&#8220; global_colors_info=&#8220;{}&#8220;][\/et_pb_image][\/et_pb_column][\/et_pb_row][\/et_pb_section][et_pb_section fb_built=&#8220;1&#8243; _builder_version=&#8220;4.6.6&#8243; _module_preset=&#8220;default&#8220; custom_padding=&#8220;0px||0px|||&#8220; global_module=&#8220;2236&#8243; global_colors_info=&#8220;{}&#8220;][et_pb_row column_structure=&#8220;1_2,1_2&#8243; use_custom_gutter=&#8220;on&#8220; gutter_width=&#8220;1&#8243; make_equal=&#8220;on&#8220; _builder_version=&#8220;4.16&#8243; _module_preset=&#8220;default&#8220; background_color=&#8220;rgba(0,0,0,0)&#8220; background_image=&#8220;https:\/\/emsgruppe.hr\/wp-content\/uploads\/2020\/11\/postani-dio-tima-bg.jpg&#8220; background_position=&#8220;top_center&#8220; width=&#8220;100%&#8220; max_width=&#8220;100%&#8220; custom_padding=&#8220;0px||0px|||&#8220; locked=&#8220;off&#8220; global_colors_info=&#8220;{}&#8220;][et_pb_column type=&#8220;1_2&#8243; disabled_on=&#8220;on|on|off&#8220; _builder_version=&#8220;4.16&#8243; _module_preset=&#8220;default&#8220; background_color=&#8220;rgba(0,0,0,0)&#8220; background_enable_image=&#8220;off&#8220; background_position=&#8220;top_center&#8220; custom_padding=&#8220;||||true|false&#8220; global_colors_info=&#8220;{}&#8220;][\/et_pb_column][et_pb_column type=&#8220;1_2&#8243; _builder_version=&#8220;4.16&#8243; _module_preset=&#8220;default&#8220; background_color=&#8220;#64696d&#8220; custom_padding=&#8220;55px|0px|70px|100px|false|false&#8220; custom_padding_tablet=&#8220;55px|40px|70px|40px|false|false&#8220; custom_padding_phone=&#8220;|20px||20px|false|false&#8220; custom_padding_last_edited=&#8220;on|tablet&#8220; animation_style=&#8220;fade&#8220; global_colors_info=&#8220;{}&#8220;][et_pb_text _builder_version=&#8220;4.24.0&#8243; _module_preset=&#8220;default&#8220; text_text_color=&#8220;#ffffff&#8220; text_font_size=&#8220;20px&#8220; header_4_font=&#8220;|700|||||||&#8220; header_4_text_color=&#8220;#ffffff&#8220; header_4_font_size=&#8220;33px&#8220; max_width=&#8220;500px&#8220; custom_margin=&#8220;||8px||false|false&#8220; header_4_font_size_tablet=&#8220;&#8220; header_4_font_size_phone=&#8220;26px&#8220; header_4_font_size_last_edited=&#8220;on|phone&#8220; global_colors_info=&#8220;{}&#8220;]<\/p>\n<h4>Werde Teil unseres Teams<\/h4>\n<p>[\/et_pb_text][et_pb_text _builder_version=&#8220;4.24.0&#8243; _module_preset=&#8220;default&#8220; text_text_color=&#8220;#ffffff&#8220; text_font_size=&#8220;20px&#8220; text_line_height=&#8220;1.5em&#8220; max_width=&#8220;500px&#8220; text_font_size_tablet=&#8220;&#8220; text_font_size_phone=&#8220;16px&#8220; text_font_size_last_edited=&#8220;on|phone&#8220; global_colors_info=&#8220;{}&#8220;]<\/p>\n<p>Wir m\u00f6chten unser Team st\u00e4rken und bieten einen sicheren Arbeitsplatz, ein gutes Einkommen und ein qualitativ hochwertiges Arbeitsumfeld. Bewirb dich und beginne deine Arbeit in einem Unternehmen, das deine F\u00e4higkeiten und Kenntnisse sch\u00e4tzt!<\/p>\n<p>[\/et_pb_text][et_pb_button button_url=&#8220;@ET-DC@eyJkeW5hbWljIjp0cnVlLCJjb250ZW50IjoicG9zdF9saW5rX3VybF9wYWdlIiwic2V0dGluZ3MiOnsicG9zdF9pZCI6IjIxMjQifX0=@&#8220; button_text=&#8220;Einloggen&#8220; _builder_version=&#8220;4.16&#8243; _dynamic_attributes=&#8220;button_url&#8220; _module_preset=&#8220;default&#8220; custom_margin=&#8220;30px||||false|false&#8220; global_colors_info=&#8220;{}&#8220;][\/et_pb_button][\/et_pb_column][\/et_pb_row][\/et_pb_section]<\/p>\n","protected":false},"excerpt":{"rendered":"<p>T\u00e4glich entstehen um uns herum neue Geb\u00e4ude, Hallen, Lagerh\u00e4user, Einkaufszentren und Gesch\u00e4fte, H\u00e4user, Fabriken &#8211; und wir beteiligen uns an ihrer Ausstattung. EMS bietet verschiedene Dienstleistungen im Bereich Maschinenbau und Ingenieurwesen f\u00fcr die Ausstattung von R\u00e4umen mit verschiedenen Metallkonstruktionen an, die alles von der Planung \u00fcber die Herstellung bis hin zur Pr\u00fcfung umfassen. Besonders stolz [&hellip;]<\/p>\n","protected":false},"author":1,"featured_media":0,"parent":0,"menu_order":0,"comment_status":"closed","ping_status":"closed","template":"","meta":{"_et_pb_use_builder":"on","_et_pb_old_content":"","_et_gb_content_width":"","footnotes":""},"class_list":["post-2145","page","type-page","status-publish","hentry"],"_links":{"self":[{"href":"https:\/\/emsgruppe.hr\/de\/wp-json\/wp\/v2\/pages\/2145","targetHints":{"allow":["GET"]}}],"collection":[{"href":"https:\/\/emsgruppe.hr\/de\/wp-json\/wp\/v2\/pages"}],"about":[{"href":"https:\/\/emsgruppe.hr\/de\/wp-json\/wp\/v2\/types\/page"}],"author":[{"embeddable":true,"href":"https:\/\/emsgruppe.hr\/de\/wp-json\/wp\/v2\/users\/1"}],"replies":[{"embeddable":true,"href":"https:\/\/emsgruppe.hr\/de\/wp-json\/wp\/v2\/comments?post=2145"}],"version-history":[{"count":0,"href":"https:\/\/emsgruppe.hr\/de\/wp-json\/wp\/v2\/pages\/2145\/revisions"}],"wp:attachment":[{"href":"https:\/\/emsgruppe.hr\/de\/wp-json\/wp\/v2\/media?parent=2145"}],"curies":[{"name":"wp","href":"https:\/\/api.w.org\/{rel}","templated":true}]}}