{"id":2148,"date":"2021-03-21T16:46:40","date_gmt":"2021-03-21T15:46:40","guid":{"rendered":"https:\/\/emsgruppe.hr\/mechanik\/"},"modified":"2024-03-11T18:12:40","modified_gmt":"2024-03-11T17:12:40","slug":"mechanik","status":"publish","type":"page","link":"https:\/\/emsgruppe.hr\/de\/mechanik\/","title":{"rendered":"Mechanik"},"content":{"rendered":"<p>[et_pb_section fb_built=&#8220;1&#8243; custom_padding_last_edited=&#8220;on|tablet&#8220; _builder_version=&#8220;4.16&#8243; _module_preset=&#8220;default&#8220; custom_padding=&#8220;65px||47px|||&#8220; custom_padding_tablet=&#8220;65px||0px||false|false&#8220; custom_padding_phone=&#8220;&#8220; global_colors_info=&#8220;{}&#8220;][et_pb_row _builder_version=&#8220;4.16&#8243; _module_preset=&#8220;default&#8220; custom_margin=&#8220;||9px||false|false&#8220; custom_padding=&#8220;0px||19px|||&#8220; global_colors_info=&#8220;{}&#8220;][et_pb_column type=&#8220;4_4&#8243; _builder_version=&#8220;4.16&#8243; _module_preset=&#8220;default&#8220; global_colors_info=&#8220;{}&#8220;][et_pb_text _builder_version=&#8220;4.24.0&#8243; _module_preset=&#8220;default&#8220; text_orientation=&#8220;center&#8220; custom_margin=&#8220;||0px||false|false&#8220; global_colors_info=&#8220;{}&#8220;]<\/p>\n<p>Wir leben in einer schnelllebigen Welt, in der Gesch\u00e4fte schnell und effizient abgewickelt werden m\u00fcssen, um mit dem Tempo Schritt zu halten. Fabriken, Lagerh\u00e4user, Produktionsst\u00e4tten, Sortieranlagen, Einkaufszentren &#8211; sie alle verlassen sich auf die Leistungsf\u00e4higkeit der Technologie, um Prozesse auf qualitativ hochwertige und zuverl\u00e4ssige Weise zu beschleunigen. Dies erfordert jedoch vor allem eine fachkundige Installation dieser fortschrittlichen L\u00f6sungen, die dann das Gesch\u00e4ft angemessen modernisieren werden. Und hier kommen wir ins Spiel!<\/p>\n<p>[\/et_pb_text][\/et_pb_column][\/et_pb_row][et_pb_row column_structure=&#8220;1_2,1_2&#8243; use_custom_gutter=&#8220;on&#8220; gutter_width=&#8220;2&#8243; _builder_version=&#8220;4.24.0&#8243; _module_preset=&#8220;default&#8220; custom_padding=&#8220;30px||||false|false&#8220; global_colors_info=&#8220;{}&#8220;][et_pb_column type=&#8220;1_2&#8243; _builder_version=&#8220;4.16&#8243; _module_preset=&#8220;default&#8220; global_colors_info=&#8220;{}&#8220;][dipl_interactive_image_card title=&#8220;Montage von Robotern und Roboterlinien&#8220; image=&#8220;https:\/\/emsgruppe.hr\/wp-content\/uploads\/2020\/12\/montaza-robota.jpg&#8220; image_alt=&#8220;Monta\u017ea robota i robotskih linija&#8220; select_layout=&#8220;effect-sadie&#8220; enable_gradient=&#8220;on&#8220; grandient_color_1=&#8220;rgba(0,0,0,0.25)&#8220; grandient_color_2=&#8220;rgba(0,0,0,0.45)&#8220; gradient_start_position=&#8220;60%&#8220; _builder_version=&#8220;4.24.0&#8243; _module_preset=&#8220;default&#8220; title_text_color=&#8220;#ffffff&#8220; title_font_size=&#8220;30px&#8220; title_line_height=&#8220;33px&#8220; content_font_size=&#8220;16px&#8220; content_line_height=&#8220;1.3em&#8220; custom_margin=&#8220;||||false|false&#8220; custom_padding=&#8220;||||false|false&#8220; global_colors_info=&#8220;{}&#8220;]<\/p>\n<p>Die Automobilindustrie ist einer der f\u00fchrenden Nutzer von Robotern und Roboterlinien, die Meisterwerke auf R\u00e4dern mit einem hohen Ma\u00df an Detailgenauigkeit und Pr\u00e4zision herstellen. Daher m\u00fcssen Roboterb\u00e4nder und Roboterlinien mit nanometrischer Pr\u00e4zision installiert und montiert werden. Unser Team hat zahlreiche Projekte zur Montage von Robotern und robotischen Linien auf der ganzen Welt durchgef\u00fchrt, und zwar mit weltweit renommierten Herstellern als unseren Kunden: FORD (DE), BMW (DE), VW (DE), SCANIA (NL), VW (MEX).<\/p>\n<p>[\/dipl_interactive_image_card][\/et_pb_column][et_pb_column type=&#8220;1_2&#8243; _builder_version=&#8220;4.16&#8243; _module_preset=&#8220;default&#8220; global_colors_info=&#8220;{}&#8220;][dipl_interactive_image_card title=&#8220;Montage von Transportger\u00e4ten&#8220; image=&#8220;https:\/\/emsgruppe.hr\/wp-content\/uploads\/2020\/12\/montaza-transportne-tehnike.jpg&#8220; image_alt=&#8220;Monta\u017ea transportne tehnike&#8220; select_layout=&#8220;effect-sadie&#8220; enable_gradient=&#8220;on&#8220; grandient_color_1=&#8220;rgba(0,0,0,0.25)&#8220; grandient_color_2=&#8220;rgba(0,0,0,0.45)&#8220; gradient_start_position=&#8220;60%&#8220; _builder_version=&#8220;4.24.0&#8243; _module_preset=&#8220;default&#8220; title_text_color=&#8220;#ffffff&#8220; title_font_size=&#8220;30px&#8220; content_font_size=&#8220;16px&#8220; content_line_height=&#8220;1.3em&#8220; global_colors_info=&#8220;{}&#8220;]<\/p>\n<p>Von Fabriken \u00fcber Lagerhallen, Flugh\u00e4fen bis hin zu Sortieranlagen \u2013 Transporttechnik in Form von Transportb\u00e4ndern, Transportrollen oder Elevatoren befinden sich \u00fcberall. Es gew\u00e4hrleistet einen schnellen und einfachen Transport von Gegenst\u00e4nden zwischen den Punkten A und B, und wir sorgen f\u00fcr eine einfache und effiziente Montage sowie die Durchf\u00fchrung von Elektroinstallationen. Wir haben Montagedienstleistungen f\u00fcr Transporttechnik f\u00fcr f\u00fchrende Namen in der Welt der Lagerung und des Transports durchgef\u00fchrt, wie zum Beispiel AMAZON (DE, UK) i DHL (DE).<\/p>\n<p>[\/dipl_interactive_image_card][\/et_pb_column][\/et_pb_row][\/et_pb_section][et_pb_section fb_built=&#8220;1&#8243; disabled_on=&#8220;off|off|off&#8220; _builder_version=&#8220;4.24.2&#8243; _module_preset=&#8220;default&#8220; custom_padding=&#8220;0px||0px||false|false&#8220; locked=&#8220;off&#8220; global_colors_info=&#8220;{}&#8220;][et_pb_row column_structure=&#8220;1_2,1_2&#8243; use_custom_gutter=&#8220;on&#8220; gutter_width=&#8220;1&#8243; make_equal=&#8220;on&#8220; _builder_version=&#8220;4.24.2&#8243; _module_preset=&#8220;default&#8220; background_color=&#8220;#ebebec&#8220; width=&#8220;100%&#8220; max_width=&#8220;100%&#8220; custom_padding=&#8220;0px||0px||false|false&#8220; global_colors_info=&#8220;{}&#8220;][et_pb_column type=&#8220;1_2&#8243; _builder_version=&#8220;4.24.2&#8243; _module_preset=&#8220;default&#8220; background_color=&#8220;#c1d72e&#8220; custom_padding=&#8220;45px|40px|45px||true|false&#8220; custom_padding_tablet=&#8220;45px|40px|45px|40px|true|false&#8220; custom_padding_phone=&#8220;|20px||20px|true|false&#8220; custom_padding_last_edited=&#8220;on|tablet&#8220; border_radii=&#8220;off||22px||&#8220; global_colors_info=&#8220;{}&#8220;][et_pb_text _builder_version=&#8220;4.24.2&#8243; _module_preset=&#8220;default&#8220; header_3_font=&#8220;|700|||||||&#8220; header_3_text_color=&#8220;#ffffff&#8220; header_3_font_size=&#8220;30px&#8220; width=&#8220;100%&#8220; max_width=&#8220;560px&#8220; max_width_last_edited=&#8220;off|phone&#8220; module_alignment=&#8220;right&#8220; custom_padding=&#8220;||||false|false&#8220; custom_padding_tablet=&#8220;||||false|false&#8220; custom_padding_phone=&#8220;||||false|false&#8220; custom_padding_last_edited=&#8220;on|tablet&#8220; hover_enabled=&#8220;0&#8243; text_font_size_tablet=&#8220;&#8220; text_font_size_phone=&#8220;&#8220; text_font_size_last_edited=&#8220;on|tablet&#8220; header_3_font_size_tablet=&#8220;&#8220; header_3_font_size_phone=&#8220;26px&#8220; header_3_font_size_last_edited=&#8220;on|phone&#8220; module_alignment_tablet=&#8220;left&#8220; module_alignment_phone=&#8220;left&#8220; module_alignment_last_edited=&#8220;on|tablet&#8220; global_colors_info=&#8220;{}&#8220; sticky_enabled=&#8220;0&#8243;]<\/p>\n<h3>Mit uns erhalten Sie eine Garantie f\u00fcr:<\/h3>\n<p>[\/et_pb_text][et_pb_text _builder_version=&#8220;4.24.2&#8243; _module_preset=&#8220;default&#8220; text_text_color=&#8220;#ffffff&#8220; text_font_size=&#8220;20px&#8220; width=&#8220;100%&#8220; max_width=&#8220;560px&#8220; module_alignment=&#8220;right&#8220; custom_padding_tablet=&#8220;||||false|false&#8220; custom_padding_phone=&#8220;||||false|false&#8220; custom_padding_last_edited=&#8220;on|tablet&#8220; hover_enabled=&#8220;0&#8243; module_alignment_tablet=&#8220;left&#8220; module_alignment_phone=&#8220;left&#8220; module_alignment_last_edited=&#8220;on|tablet&#8220; global_colors_info=&#8220;{}&#8220; sticky_enabled=&#8220;0&#8243;]<\/p>\n<ul>\n<li>Qualit\u00e4ten<\/li>\n<li>Geschwindigkeiten<\/li>\n<li>Zuverl\u00e4ssigkeit<\/li>\n<li>Effizienz<\/li>\n<\/ul>\n<p>[\/et_pb_text][et_pb_text _builder_version=&#8220;4.24.2&#8243; _dynamic_attributes=&#8220;link_option_url&#8220; _module_preset=&#8220;default&#8220; text_text_color=&#8220;#FFFFFF&#8220; text_font_size=&#8220;18px&#8220; background_color=&#8220;#64696D&#8220; text_orientation=&#8220;center&#8220; width=&#8220;100%&#8220; max_width=&#8220;560px&#8220; max_width_tablet=&#8220;100%&#8220; max_width_phone=&#8220;100%&#8220; max_width_last_edited=&#8220;on|tablet&#8220; module_alignment=&#8220;right&#8220; custom_margin_tablet=&#8220;||||false|false&#8220; custom_margin_phone=&#8220;||||false|false&#8220; custom_margin_last_edited=&#8220;on|tablet&#8220; custom_padding=&#8220;14px||13px||false|false&#8220; custom_padding_tablet=&#8220;14px||13px||false|false&#8220; custom_padding_phone=&#8220;14px||13px||false|false&#8220; custom_padding_last_edited=&#8220;on|tablet&#8220; link_option_url=&#8220;@ET-DC@eyJkeW5hbWljIjp0cnVlLCJjb250ZW50IjoicG9zdF9saW5rX3VybF9wYWdlIiwic2V0dGluZ3MiOnsicG9zdF9pZCI6IjQ4MCJ9fQ==@&#8220; hover_enabled=&#8220;0&#8243; text_font_size_tablet=&#8220;18px&#8220; text_font_size_phone=&#8220;16px&#8220; text_font_size_last_edited=&#8220;on|phone&#8220; module_alignment_tablet=&#8220;left&#8220; module_alignment_phone=&#8220;left&#8220; module_alignment_last_edited=&#8220;on|tablet&#8220; global_colors_info=&#8220;{}&#8220; background__hover_enabled=&#8220;on|hover&#8220; background_color__hover=&#8220;#545a5e&#8220; background_enable_color__hover=&#8220;on&#8220; sticky_enabled=&#8220;0&#8243;]<\/p>\n<p>Kontaktieren Sie uns und vereinbaren Sie eine Zusammenarbeit!<\/p>\n<p>[\/et_pb_text][\/et_pb_column][et_pb_column type=&#8220;1_2&#8243; _builder_version=&#8220;4.24.2&#8243; _module_preset=&#8220;default&#8220; background_color=&#8220;#ebebec&#8220; custom_padding=&#8220;30px|0px|30px|60px|true|false&#8220; custom_padding_tablet=&#8220;30px|0px|30px|40px|true|false&#8220; custom_padding_phone=&#8220;|20px||20px|true|false&#8220; custom_padding_last_edited=&#8220;on|tablet&#8220; global_colors_info=&#8220;{}&#8220;][et_pb_text _builder_version=&#8220;4.24.2&#8243; _module_preset=&#8220;default&#8220; text_font=&#8220;|600|||||||&#8220; text_text_color=&#8220;#64696D&#8220; custom_margin=&#8220;19px||||false|false&#8220; hover_enabled=&#8220;0&#8243; global_colors_info=&#8220;{}&#8220; sticky_enabled=&#8220;0&#8243;]<\/p>\n<p>Unsere zufriedenen Kunden<\/p>\n<p>[\/et_pb_text][et_pb_image src=&#8220;https:\/\/emsgruppe.hr\/wp-content\/uploads\/2024\/03\/reference-thumb-1.png&#8220; url=&#8220;@ET-DC@eyJkeW5hbWljIjp0cnVlLCJjb250ZW50IjoicG9zdF9saW5rX3VybF9wYWdlIiwic2V0dGluZ3MiOnsicG9zdF9pZCI6IjcyNiJ9fQ==@&#8220; _builder_version=&#8220;4.24.2&#8243; _dynamic_attributes=&#8220;url&#8220; _module_preset=&#8220;default&#8220; custom_margin=&#8220;31px||||false|false&#8220; animation_style=&#8220;slide&#8220; animation_direction=&#8220;right&#8220; animation_intensity_slide=&#8220;20%&#8220; global_colors_info=&#8220;{}&#8220;][\/et_pb_image][et_pb_image src=&#8220;https:\/\/emsgruppe.hr\/wp-content\/uploads\/2020\/11\/reference-thumb.png&#8220; url=&#8220;@ET-DC@eyJkeW5hbWljIjp0cnVlLCJjb250ZW50IjoicG9zdF9saW5rX3VybF9wYWdlIiwic2V0dGluZ3MiOnsicG9zdF9pZCI6IjcyNiJ9fQ==@&#8220; _builder_version=&#8220;4.24.2&#8243; _dynamic_attributes=&#8220;url&#8220; _module_preset=&#8220;default&#8220; custom_margin=&#8220;23px||||false|false&#8220; animation_style=&#8220;slide&#8220; animation_direction=&#8220;right&#8220; animation_intensity_slide=&#8220;20%&#8220; global_colors_info=&#8220;{}&#8220;][\/et_pb_image][\/et_pb_column][\/et_pb_row][\/et_pb_section][et_pb_section fb_built=&#8220;1&#8243; _builder_version=&#8220;4.6.6&#8243; _module_preset=&#8220;default&#8220; custom_padding=&#8220;0px||0px|||&#8220; global_module=&#8220;2236&#8243; global_colors_info=&#8220;{}&#8220;][et_pb_row column_structure=&#8220;1_2,1_2&#8243; use_custom_gutter=&#8220;on&#8220; gutter_width=&#8220;1&#8243; make_equal=&#8220;on&#8220; _builder_version=&#8220;4.16&#8243; _module_preset=&#8220;default&#8220; background_color=&#8220;rgba(0,0,0,0)&#8220; background_image=&#8220;https:\/\/emsgruppe.hr\/wp-content\/uploads\/2020\/11\/postani-dio-tima-bg.jpg&#8220; background_position=&#8220;top_center&#8220; width=&#8220;100%&#8220; max_width=&#8220;100%&#8220; custom_padding=&#8220;0px||0px|||&#8220; locked=&#8220;off&#8220; global_colors_info=&#8220;{}&#8220;][et_pb_column type=&#8220;1_2&#8243; disabled_on=&#8220;on|on|off&#8220; _builder_version=&#8220;4.16&#8243; _module_preset=&#8220;default&#8220; background_color=&#8220;rgba(0,0,0,0)&#8220; background_enable_image=&#8220;off&#8220; background_position=&#8220;top_center&#8220; custom_padding=&#8220;||||true|false&#8220; global_colors_info=&#8220;{}&#8220;][\/et_pb_column][et_pb_column type=&#8220;1_2&#8243; _builder_version=&#8220;4.16&#8243; _module_preset=&#8220;default&#8220; background_color=&#8220;#64696d&#8220; custom_padding=&#8220;55px|0px|70px|100px|false|false&#8220; custom_padding_tablet=&#8220;55px|40px|70px|40px|false|false&#8220; custom_padding_phone=&#8220;|20px||20px|false|false&#8220; custom_padding_last_edited=&#8220;on|tablet&#8220; animation_style=&#8220;fade&#8220; global_colors_info=&#8220;{}&#8220;][et_pb_text _builder_version=&#8220;4.24.0&#8243; _module_preset=&#8220;default&#8220; text_text_color=&#8220;#ffffff&#8220; text_font_size=&#8220;20px&#8220; header_4_font=&#8220;|700|||||||&#8220; header_4_text_color=&#8220;#ffffff&#8220; header_4_font_size=&#8220;33px&#8220; max_width=&#8220;500px&#8220; custom_margin=&#8220;||8px||false|false&#8220; header_4_font_size_tablet=&#8220;&#8220; header_4_font_size_phone=&#8220;26px&#8220; header_4_font_size_last_edited=&#8220;on|phone&#8220; global_colors_info=&#8220;{}&#8220;]<\/p>\n<h4>Werde Teil unseres Teams<\/h4>\n<p>[\/et_pb_text][et_pb_text _builder_version=&#8220;4.24.0&#8243; _module_preset=&#8220;default&#8220; text_text_color=&#8220;#ffffff&#8220; text_font_size=&#8220;20px&#8220; text_line_height=&#8220;1.5em&#8220; max_width=&#8220;500px&#8220; text_font_size_tablet=&#8220;&#8220; text_font_size_phone=&#8220;16px&#8220; text_font_size_last_edited=&#8220;on|phone&#8220; global_colors_info=&#8220;{}&#8220;]<\/p>\n<p>Wir m\u00f6chten unser Team st\u00e4rken und bieten einen sicheren Arbeitsplatz, ein gutes Einkommen und ein qualitativ hochwertiges Arbeitsumfeld. Bewirb dich und beginne deine Arbeit in einem Unternehmen, das deine F\u00e4higkeiten und Kenntnisse sch\u00e4tzt!<\/p>\n<p>[\/et_pb_text][et_pb_button button_url=&#8220;@ET-DC@eyJkeW5hbWljIjp0cnVlLCJjb250ZW50IjoicG9zdF9saW5rX3VybF9wYWdlIiwic2V0dGluZ3MiOnsicG9zdF9pZCI6IjIxMjQifX0=@&#8220; button_text=&#8220;Einloggen&#8220; _builder_version=&#8220;4.16&#8243; _dynamic_attributes=&#8220;button_url&#8220; _module_preset=&#8220;default&#8220; custom_margin=&#8220;30px||||false|false&#8220; global_colors_info=&#8220;{}&#8220;][\/et_pb_button][\/et_pb_column][\/et_pb_row][\/et_pb_section]<\/p>\n","protected":false},"excerpt":{"rendered":"<p>Wir leben in einer schnelllebigen Welt, in der Gesch\u00e4fte schnell und effizient abgewickelt werden m\u00fcssen, um mit dem Tempo Schritt zu halten. Fabriken, Lagerh\u00e4user, Produktionsst\u00e4tten, Sortieranlagen, Einkaufszentren &#8211; sie alle verlassen sich auf die Leistungsf\u00e4higkeit der Technologie, um Prozesse auf qualitativ hochwertige und zuverl\u00e4ssige Weise zu beschleunigen. Dies erfordert jedoch vor allem eine fachkundige Installation [&hellip;]<\/p>\n","protected":false},"author":1,"featured_media":0,"parent":0,"menu_order":0,"comment_status":"closed","ping_status":"closed","template":"","meta":{"_et_pb_use_builder":"on","_et_pb_old_content":"","_et_gb_content_width":"","footnotes":""},"class_list":["post-2148","page","type-page","status-publish","hentry"],"_links":{"self":[{"href":"https:\/\/emsgruppe.hr\/de\/wp-json\/wp\/v2\/pages\/2148","targetHints":{"allow":["GET"]}}],"collection":[{"href":"https:\/\/emsgruppe.hr\/de\/wp-json\/wp\/v2\/pages"}],"about":[{"href":"https:\/\/emsgruppe.hr\/de\/wp-json\/wp\/v2\/types\/page"}],"author":[{"embeddable":true,"href":"https:\/\/emsgruppe.hr\/de\/wp-json\/wp\/v2\/users\/1"}],"replies":[{"embeddable":true,"href":"https:\/\/emsgruppe.hr\/de\/wp-json\/wp\/v2\/comments?post=2148"}],"version-history":[{"count":0,"href":"https:\/\/emsgruppe.hr\/de\/wp-json\/wp\/v2\/pages\/2148\/revisions"}],"wp:attachment":[{"href":"https:\/\/emsgruppe.hr\/de\/wp-json\/wp\/v2\/media?parent=2148"}],"curies":[{"name":"wp","href":"https:\/\/api.w.org\/{rel}","templated":true}]}}