{"id":2166,"date":"2021-03-21T16:49:28","date_gmt":"2021-03-21T15:49:28","guid":{"rendered":"https:\/\/emsgruppe.hr\/ueber-uns\/"},"modified":"2024-03-12T17:30:32","modified_gmt":"2024-03-12T16:30:32","slug":"ueber-uns","status":"publish","type":"page","link":"https:\/\/emsgruppe.hr\/de\/ueber-uns\/","title":{"rendered":"\u00dcber uns"},"content":{"rendered":"<p>[et_pb_section fb_built=&#8220;1&#8243; custom_padding_last_edited=&#8220;on|tablet&#8220; _builder_version=&#8220;4.16&#8243; _module_preset=&#8220;default&#8220; custom_padding=&#8220;65px||47px|||&#8220; custom_padding_tablet=&#8220;65px||0px||false|false&#8220; custom_padding_phone=&#8220;&#8220; global_colors_info=&#8220;{}&#8220;][et_pb_row _builder_version=&#8220;4.16&#8243; _module_preset=&#8220;default&#8220; custom_padding=&#8220;0px||19px|||&#8220; global_colors_info=&#8220;{}&#8220;][et_pb_column type=&#8220;4_4&#8243; _builder_version=&#8220;4.16&#8243; _module_preset=&#8220;default&#8220; global_colors_info=&#8220;{}&#8220;][et_pb_text _builder_version=&#8220;4.24.0&#8243; _module_preset=&#8220;default&#8220; header_2_font=&#8220;||||||||&#8220; header_3_font=&#8220;|300|||||||&#8220; header_3_text_align=&#8220;center&#8220; header_3_font_size=&#8220;33px&#8220; custom_margin=&#8220;||2px||false|false&#8220; global_colors_info=&#8220;{}&#8220;]<\/p>\n<h3>Elektromehanik Systeme d.o.o.<\/h3>\n<p>[\/et_pb_text][et_pb_divider color=&#8220;#c1d72e&#8220; divider_weight=&#8220;5px&#8220; _builder_version=&#8220;4.16&#8243; _module_preset=&#8220;default&#8220; width=&#8220;100px&#8220; module_alignment=&#8220;center&#8220; custom_margin=&#8220;||5px||false|false&#8220; global_colors_info=&#8220;{}&#8220;][\/et_pb_divider][et_pb_text _builder_version=&#8220;4.24.0&#8243; _module_preset=&#8220;default&#8220; text_orientation=&#8220;center&#8220; global_colors_info=&#8220;{}&#8220;]<\/p>\n<p>Elektromechanik Systeme d.o.o. ist ein in Vara\u017edin gegr\u00fcndetes Unternehmen, wo es auch seinen Hauptsitz hat. Die Arbeit und T\u00e4tigkeit des Unternehmens konzentriert sich vor allem auf die Erbringung von Montage- und Installationsdienstleistungen f\u00fcr Elektroinstallationen in ausl\u00e4ndischen Industriebetrieben sowie in der Automobilindustrie. Der Ma\u00dfstab f\u00fcr den Gesch\u00e4ftserfolg ist die Anerkennung und Entdeckung unserer Arbeit als Erfolgsindikator, Zuverl\u00e4ssigkeit und gegenseitigem Vertrauen im Unternehmen, bei unseren Partnern, Kunden, Mitarbeitern und aus dem gesamten Markt.<\/p>\n<p>[\/et_pb_text][\/et_pb_column][\/et_pb_row][\/et_pb_section][et_pb_section fb_built=&#8220;1&#8243; _builder_version=&#8220;4.24.2&#8243; _module_preset=&#8220;default&#8220; use_background_color_gradient=&#8220;on&#8220; background_color_gradient_direction=&#8220;90deg&#8220; background_color_gradient_stops=&#8220;rgba(0,0,0,0) 50%|#EAEBEF 50%&#8220; background_color_gradient_overlays_image=&#8220;on&#8220; background_color_gradient_start=&#8220;rgba(0,0,0,0)&#8220; background_color_gradient_start_position=&#8220;50%&#8220; background_color_gradient_end=&#8220;#EAEBEF&#8220; background_color_gradient_end_position=&#8220;50%&#8220; background_image=&#8220;https:\/\/emsgruppe.hr\/wp-content\/uploads\/2024\/03\/o-nama-1.jpg&#8220; custom_padding=&#8220;32px||32px||true|&#8220; hover_enabled=&#8220;0&#8243; background_last_edited=&#8220;on|desktop&#8220; use_background_color_gradient_tablet=&#8220;off&#8220; background_enable_image_tablet=&#8220;off&#8220; global_colors_info=&#8220;{}&#8220; title_text=&#8220;o-nama&#8220; sticky_enabled=&#8220;0&#8243;][et_pb_row disabled_on=&#8220;off|off|on&#8220; _builder_version=&#8220;4.16&#8243; _module_preset=&#8220;default&#8220; custom_padding=&#8220;0px||0px||false|false&#8220; global_colors_info=&#8220;{}&#8220;][et_pb_column type=&#8220;4_4&#8243; _builder_version=&#8220;4.16&#8243; _module_preset=&#8220;default&#8220; global_colors_info=&#8220;{}&#8220;][et_pb_image src=&#8220;https:\/\/emsgruppe.hr\/wp-content\/uploads\/2024\/03\/o-nama-img.jpg&#8220; _builder_version=&#8220;4.24.2&#8243; _module_preset=&#8220;default&#8220; hover_enabled=&#8220;0&#8243; global_colors_info=&#8220;{}&#8220; title_text=&#8220;o-nama-img&#8220; sticky_enabled=&#8220;0&#8243;][\/et_pb_image][\/et_pb_column][\/et_pb_row][et_pb_row column_structure=&#8220;1_2,1_2&#8243; use_custom_gutter=&#8220;on&#8220; gutter_width=&#8220;4&#8243; _builder_version=&#8220;4.16&#8243; _module_preset=&#8220;default&#8220; global_colors_info=&#8220;{}&#8220;][et_pb_column type=&#8220;1_2&#8243; _builder_version=&#8220;4.16&#8243; _module_preset=&#8220;default&#8220; global_colors_info=&#8220;{}&#8220;][\/et_pb_column][et_pb_column type=&#8220;1_2&#8243; _builder_version=&#8220;4.16&#8243; _module_preset=&#8220;default&#8220; global_colors_info=&#8220;{}&#8220;][et_pb_text _builder_version=&#8220;4.24.0&#8243; _module_preset=&#8220;default&#8220; global_colors_info=&#8220;{}&#8220;]<\/p>\n<p>Den Bereich unserer T\u00e4tigkeit k\u00f6nnen Sie am besten anhand unserer Referenzlisten erkennen, aus denen hervorgeht, dass wir bisher elektromechanische Arbeiten in Industrieanlagen durchgef\u00fchrt haben, wie zum Beispiel:<\/p>\n<ul>\n<li>Autoindustrie<\/li>\n<li>F\u00f6rderb\u00e4nder in Produktions- und Lageranlagen<\/li>\n<li>Herstellung und Verkabelung von Schaltschr\u00e4nken<\/li>\n<li>Installation und Wartung der Automatisierung an Produktionslinien<\/li>\n<\/ul>\n<p>Von der Gr\u00fcndung bis heute operiert das Unternehmen stabil und finanziell positiv, mit einem positiven Entwicklungstendenz hinsichtlich der Qualit\u00e4t und der Menge der realisierten Objekte. Die meisten Mitarbeiter haben ihre fr\u00fcheren Erfahrungen im Bau und der Montage von Industriegeb\u00e4uden und -anlagen auf dem Gebiet der Elektroinstallationen angewendet, was zu einer Verbesserung der Qualit\u00e4t der Arbeiten und geringeren Wartungskosten w\u00e4hrend des Betriebs der Objekte gef\u00fchrt hat.<\/p>\n<p>Bis heute wurden mehr Produktionslinien und Anlagen f\u00fcr inl\u00e4ndische und ausl\u00e4ndische Investoren realisiert, mit denen die Zusammenarbeit weiterhin bei neuen Investitionen fortgesetzt wird. Die technische Kompetenz und das Verantwortungsbewusstsein der Mitarbeiter bei der Erf\u00fcllung \u00fcbernommener Verpflichtungen haben ma\u00dfgeblich dazu beigetragen, das Vertrauen der Investoren zu gewinnen.<\/p>\n<p>Mit der Zeit haben wir unser Gesch\u00e4ftsfeld erweitert und unsere T\u00e4tigkeiten auch auf den Maschinenbau ausgedehnt.<\/p>\n<p>[\/et_pb_text][\/et_pb_column][\/et_pb_row][\/et_pb_section][et_pb_section fb_built=&#8220;1&#8243; _builder_version=&#8220;4.6.6&#8243; _module_preset=&#8220;default&#8220; custom_padding=&#8220;0px||0px|||&#8220; global_module=&#8220;2236&#8243; global_colors_info=&#8220;{}&#8220;][et_pb_row column_structure=&#8220;1_2,1_2&#8243; use_custom_gutter=&#8220;on&#8220; gutter_width=&#8220;1&#8243; make_equal=&#8220;on&#8220; _builder_version=&#8220;4.16&#8243; _module_preset=&#8220;default&#8220; background_color=&#8220;rgba(0,0,0,0)&#8220; background_image=&#8220;https:\/\/emsgruppe.hr\/wp-content\/uploads\/2020\/11\/postani-dio-tima-bg.jpg&#8220; background_position=&#8220;top_center&#8220; width=&#8220;100%&#8220; max_width=&#8220;100%&#8220; custom_padding=&#8220;0px||0px|||&#8220; locked=&#8220;off&#8220; global_colors_info=&#8220;{}&#8220;][et_pb_column type=&#8220;1_2&#8243; disabled_on=&#8220;on|on|off&#8220; _builder_version=&#8220;4.16&#8243; _module_preset=&#8220;default&#8220; background_color=&#8220;rgba(0,0,0,0)&#8220; background_enable_image=&#8220;off&#8220; background_position=&#8220;top_center&#8220; custom_padding=&#8220;||||true|false&#8220; global_colors_info=&#8220;{}&#8220;][\/et_pb_column][et_pb_column type=&#8220;1_2&#8243; _builder_version=&#8220;4.16&#8243; _module_preset=&#8220;default&#8220; background_color=&#8220;#64696d&#8220; custom_padding=&#8220;55px|0px|70px|100px|false|false&#8220; custom_padding_tablet=&#8220;55px|40px|70px|40px|false|false&#8220; custom_padding_phone=&#8220;|20px||20px|false|false&#8220; custom_padding_last_edited=&#8220;on|tablet&#8220; animation_style=&#8220;fade&#8220; global_colors_info=&#8220;{}&#8220;][et_pb_text _builder_version=&#8220;4.24.0&#8243; _module_preset=&#8220;default&#8220; text_text_color=&#8220;#ffffff&#8220; text_font_size=&#8220;20px&#8220; header_4_font=&#8220;|700|||||||&#8220; header_4_text_color=&#8220;#ffffff&#8220; header_4_font_size=&#8220;33px&#8220; max_width=&#8220;500px&#8220; custom_margin=&#8220;||8px||false|false&#8220; header_4_font_size_tablet=&#8220;&#8220; header_4_font_size_phone=&#8220;26px&#8220; header_4_font_size_last_edited=&#8220;on|phone&#8220; global_colors_info=&#8220;{}&#8220;]<\/p>\n<h4>Werde Teil unseres Teams<\/h4>\n<p>[\/et_pb_text][et_pb_text _builder_version=&#8220;4.24.0&#8243; _module_preset=&#8220;default&#8220; text_text_color=&#8220;#ffffff&#8220; text_font_size=&#8220;20px&#8220; text_line_height=&#8220;1.5em&#8220; max_width=&#8220;500px&#8220; text_font_size_tablet=&#8220;&#8220; text_font_size_phone=&#8220;16px&#8220; text_font_size_last_edited=&#8220;on|phone&#8220; global_colors_info=&#8220;{}&#8220;]<\/p>\n<p>Wir m\u00f6chten unser Team st\u00e4rken und bieten einen sicheren Arbeitsplatz, ein gutes Einkommen und ein qualitativ hochwertiges Arbeitsumfeld. Bewirb dich und beginne deine Arbeit in einem Unternehmen, das deine F\u00e4higkeiten und Kenntnisse sch\u00e4tzt!<\/p>\n<p>[\/et_pb_text][et_pb_button button_url=&#8220;@ET-DC@eyJkeW5hbWljIjp0cnVlLCJjb250ZW50IjoicG9zdF9saW5rX3VybF9wYWdlIiwic2V0dGluZ3MiOnsicG9zdF9pZCI6IjIxMjQifX0=@&#8220; button_text=&#8220;Einloggen&#8220; _builder_version=&#8220;4.16&#8243; _dynamic_attributes=&#8220;button_url&#8220; _module_preset=&#8220;default&#8220; custom_margin=&#8220;30px||||false|false&#8220; global_colors_info=&#8220;{}&#8220;][\/et_pb_button][\/et_pb_column][\/et_pb_row][\/et_pb_section]<\/p>\n","protected":false},"excerpt":{"rendered":"<p>Elektromehanik Systeme d.o.o.Elektromechanik Systeme d.o.o. ist ein in Vara\u017edin gegr\u00fcndetes Unternehmen, wo es auch seinen Hauptsitz hat. Die Arbeit und T\u00e4tigkeit des Unternehmens konzentriert sich vor allem auf die Erbringung von Montage- und Installationsdienstleistungen f\u00fcr Elektroinstallationen in ausl\u00e4ndischen Industriebetrieben sowie in der Automobilindustrie. Der Ma\u00dfstab f\u00fcr den Gesch\u00e4ftserfolg ist die Anerkennung und Entdeckung unserer Arbeit [&hellip;]<\/p>\n","protected":false},"author":1,"featured_media":0,"parent":0,"menu_order":0,"comment_status":"closed","ping_status":"closed","template":"","meta":{"_et_pb_use_builder":"on","_et_pb_old_content":"","_et_gb_content_width":"","footnotes":""},"class_list":["post-2166","page","type-page","status-publish","hentry"],"_links":{"self":[{"href":"https:\/\/emsgruppe.hr\/de\/wp-json\/wp\/v2\/pages\/2166","targetHints":{"allow":["GET"]}}],"collection":[{"href":"https:\/\/emsgruppe.hr\/de\/wp-json\/wp\/v2\/pages"}],"about":[{"href":"https:\/\/emsgruppe.hr\/de\/wp-json\/wp\/v2\/types\/page"}],"author":[{"embeddable":true,"href":"https:\/\/emsgruppe.hr\/de\/wp-json\/wp\/v2\/users\/1"}],"replies":[{"embeddable":true,"href":"https:\/\/emsgruppe.hr\/de\/wp-json\/wp\/v2\/comments?post=2166"}],"version-history":[{"count":0,"href":"https:\/\/emsgruppe.hr\/de\/wp-json\/wp\/v2\/pages\/2166\/revisions"}],"wp:attachment":[{"href":"https:\/\/emsgruppe.hr\/de\/wp-json\/wp\/v2\/media?parent=2166"}],"curies":[{"name":"wp","href":"https:\/\/api.w.org\/{rel}","templated":true}]}}